{"id":9745,"date":"2023-09-12T07:40:57","date_gmt":"2023-09-12T07:40:57","guid":{"rendered":"https:\/\/r2eko.com\/oplata-produktowa-doradztwo\/"},"modified":"2024-03-06T13:41:21","modified_gmt":"2024-03-06T13:41:21","slug":"oplata-produktowa-doradztwo","status":"publish","type":"page","link":"https:\/\/r2eko.com\/fr\/oplata-produktowa-doradztwo\/","title":{"rendered":"Frais de produit &#8211; Conseil"},"content":{"rendered":"\t\t<div data-elementor-type=\"wp-page\" data-elementor-id=\"9745\" class=\"elementor elementor-9745 elementor-4750\" data-elementor-post-type=\"page\">\n\t\t\t\t\t\t<section class=\"elementor-section elementor-top-section elementor-element elementor-element-552c5f48 elementor-section-full_width elementor-section-height-default elementor-section-height-default\" data-id=\"552c5f48\" data-element_type=\"section\">\n\t\t\t\t\t\t<div class=\"elementor-container elementor-column-gap-wide\">\n\t\t\t\t\t<div class=\"elementor-column elementor-col-50 elementor-top-column elementor-element elementor-element-51b655a0\" data-id=\"51b655a0\" data-element_type=\"column\">\n\t\t\t<div class=\"elementor-widget-wrap elementor-element-populated\">\n\t\t\t\t\t\t<div class=\"elementor-element elementor-element-4349180 content elementor-hidden-desktop elementor-hidden-widescreen elementor-hidden-laptop elementor-hidden-tablet_extra elementor-hidden-mobile_extra elementor-toc--minimized-on-tablet elementor-widget elementor-widget-global elementor-global-7117 elementor-widget-table-of-contents\" data-id=\"4349180\" data-element_type=\"widget\" data-settings=\"{&quot;headings_by_tags&quot;:[&quot;h2&quot;],&quot;exclude_headings_by_selector&quot;:&quot;h2.about-title, h2.faq1, h2.accordion-header&quot;,&quot;no_headings_message&quot;:&quot;No headings were found on this page.&quot;,&quot;marker_view&quot;:&quot;numbers&quot;,&quot;minimize_box&quot;:&quot;yes&quot;,&quot;minimized_on&quot;:&quot;tablet&quot;,&quot;hierarchical_view&quot;:&quot;yes&quot;,&quot;min_height&quot;:{&quot;unit&quot;:&quot;px&quot;,&quot;size&quot;:&quot;&quot;,&quot;sizes&quot;:[]},&quot;min_height_widescreen&quot;:{&quot;unit&quot;:&quot;px&quot;,&quot;size&quot;:&quot;&quot;,&quot;sizes&quot;:[]},&quot;min_height_laptop&quot;:{&quot;unit&quot;:&quot;px&quot;,&quot;size&quot;:&quot;&quot;,&quot;sizes&quot;:[]},&quot;min_height_tablet_extra&quot;:{&quot;unit&quot;:&quot;px&quot;,&quot;size&quot;:&quot;&quot;,&quot;sizes&quot;:[]},&quot;min_height_tablet&quot;:{&quot;unit&quot;:&quot;px&quot;,&quot;size&quot;:&quot;&quot;,&quot;sizes&quot;:[]},&quot;min_height_mobile_extra&quot;:{&quot;unit&quot;:&quot;px&quot;,&quot;size&quot;:&quot;&quot;,&quot;sizes&quot;:[]},&quot;min_height_mobile&quot;:{&quot;unit&quot;:&quot;px&quot;,&quot;size&quot;:&quot;&quot;,&quot;sizes&quot;:[]}}\" data-widget_type=\"table-of-contents.default\">\n\t\t\t\t<div class=\"elementor-widget-container\">\n\t\t\t\t\t\t\t\t\t<div class=\"elementor-toc__header\">\n\t\t\t\t\t\t<h3 class=\"elementor-toc__header-title\">\n\t\t\t\tOn this page you will learn:\t\t\t<\/h3>\n\t\t\t\t\t\t\t\t\t\t<div class=\"elementor-toc__toggle-button elementor-toc__toggle-button--expand\" role=\"button\" tabindex=\"0\" aria-controls=\"elementor-toc__4349180\" aria-expanded=\"true\" aria-label=\"Ouvrir la table des mati\u00e8res\"><i aria-hidden=\"true\" class=\"fas fa-chevron-down\"><\/i><\/div>\n\t\t\t\t<div class=\"elementor-toc__toggle-button elementor-toc__toggle-button--collapse\" role=\"button\" tabindex=\"0\" aria-controls=\"elementor-toc__4349180\" aria-expanded=\"true\" aria-label=\"Fermer la table des mati\u00e8res\"><i aria-hidden=\"true\" class=\"fas fa-chevron-up\"><\/i><\/div>\n\t\t\t\t\t<\/div>\n\t\t\t\t<div id=\"elementor-toc__4349180\" class=\"elementor-toc__body\">\n\t\t\t<div class=\"elementor-toc__spinner-container\">\n\t\t\t\t<i class=\"elementor-toc__spinner eicon-animation-spin eicon-loading\" aria-hidden=\"true\"><\/i>\t\t\t<\/div>\n\t\t<\/div>\n\t\t\t\t\t\t<\/div>\n\t\t\t\t<\/div>\n\t\t\t\t<div class=\"elementor-element elementor-element-7ee319e elementor-widget elementor-widget-text-editor\" data-id=\"7ee319e\" data-element_type=\"widget\" data-widget_type=\"text-editor.default\">\n\t\t\t\t<div class=\"elementor-widget-container\">\n\t\t\t\t\t\t\t\t\t<p>Le recyclage des emballages est un processus co\u00fbteux mais essentiel pour l&rsquo;environnement. Si vous \u00eates un fabricant introduisant des marchandises dans des emballages sur le march\u00e9, assurez-vous de v\u00e9rifier si les frais de produit s&rsquo;appliquent \u00e9galement \u00e0 vous.<\/p>\t\t\t\t\t\t\t\t<\/div>\n\t\t\t\t<\/div>\n\t\t\t\t<div class=\"elementor-element elementor-element-177f3b62 elementor-widget elementor-widget-heading\" data-id=\"177f3b62\" data-element_type=\"widget\" data-widget_type=\"heading.default\">\n\t\t\t\t<div class=\"elementor-widget-container\">\n\t\t\t\t\t<h2 class=\"elementor-heading-title elementor-size-default\">Qu'est-ce qu'une taxe sur les produits ?<\/h2>\t\t\t\t<\/div>\n\t\t\t\t<\/div>\n\t\t\t\t<div class=\"elementor-element elementor-element-7466ab0e elementor-widget elementor-widget-text-editor\" data-id=\"7466ab0e\" data-element_type=\"widget\" data-widget_type=\"text-editor.default\">\n\t\t\t\t<div class=\"elementor-widget-container\">\n\t\t\t\t\t\t\t\t\t<p>Les r\u00e9glementations l\u00e9gales imposent diverses obligations aux entrepreneurs, notamment la responsabilit\u00e9 du recyclage des emballages et des produits qu&rsquo;ils introduisent sur le march\u00e9. La taxe sur les produits est une forme de r\u00e8glement pour s&rsquo;acquitter de cette obligation. Elle est impos\u00e9e aux fabricants et importateurs de certaines cat\u00e9gories de biens qui n&rsquo;ont pas assur\u00e9 le niveau requis de recyclage des emballages.<\/p><p>La taxe sur les produits a \u00e9t\u00e9 introduite pour attirer l&rsquo;attention sur l&rsquo;impact n\u00e9gatif des d\u00e9chets d&#8217;emballage sur l&rsquo;environnement et souligner les co\u00fbts \u00e9lev\u00e9s de leur \u00e9limination. Par cons\u00e9quent, la taxe devrait servir d&rsquo;incitation \u00e0 maximiser le recyclage des d\u00e9chets d&#8217;emballage.<\/p>\t\t\t\t\t\t\t\t<\/div>\n\t\t\t\t<\/div>\n\t\t\t\t<div class=\"elementor-element elementor-element-75c63cbe elementor-widget elementor-widget-eco_image\" data-id=\"75c63cbe\" data-element_type=\"widget\" data-widget_type=\"eco_image.default\">\n\t\t\t\t<div class=\"elementor-widget-container\">\n\t\t\t\t\t            <div class=\"eco-image-wrapper \">\n                <div class=\"eco-image\">\n                    <img fetchpriority=\"high\" decoding=\"async\" width=\"1280\" height=\"720\" src=\"https:\/\/r2eko.com\/wp-content\/uploads\/2023\/10\/oplata-produktowa-zdjecie-nr-5.jpg\" class=\"attachment-full size-full wp-image-5228\" alt=\"\" srcset=\"https:\/\/r2eko.com\/wp-content\/uploads\/2023\/10\/oplata-produktowa-zdjecie-nr-5.jpg 1280w, https:\/\/r2eko.com\/wp-content\/uploads\/2023\/10\/oplata-produktowa-zdjecie-nr-5-600x338.jpg 600w, https:\/\/r2eko.com\/wp-content\/uploads\/2023\/10\/oplata-produktowa-zdjecie-nr-5-300x169.jpg 300w, https:\/\/r2eko.com\/wp-content\/uploads\/2023\/10\/oplata-produktowa-zdjecie-nr-5-1024x576.jpg 1024w, https:\/\/r2eko.com\/wp-content\/uploads\/2023\/10\/oplata-produktowa-zdjecie-nr-5-768x432.jpg 768w\" sizes=\"(max-width: 1280px) 100vw, 1280px\" \/>                <\/div>\n            <\/div>\n        \t\t\t\t<\/div>\n\t\t\t\t<\/div>\n\t\t\t\t<div class=\"elementor-element elementor-element-7e6cd10c elementor-widget elementor-widget-heading\" data-id=\"7e6cd10c\" data-element_type=\"widget\" data-widget_type=\"heading.default\">\n\t\t\t\t<div class=\"elementor-widget-container\">\n\t\t\t\t\t<h2 class=\"elementor-heading-title elementor-size-default\">Qui doit payer la taxe sur les produits ?<\/h2>\t\t\t\t<\/div>\n\t\t\t\t<\/div>\n\t\t\t\t<div class=\"elementor-element elementor-element-4c174fde elementor-widget elementor-widget-text-editor\" data-id=\"4c174fde\" data-element_type=\"widget\" data-widget_type=\"text-editor.default\">\n\t\t\t\t<div class=\"elementor-widget-container\">\n\t\t\t\t\t\t\t\t\t<p>Certaines cat\u00e9gories d&rsquo;entit\u00e9s exer\u00e7ant des activit\u00e9s commerciales devraient payer la taxe sur les produits. Il s&rsquo;agit notamment des entrepreneurs qui :<\/p><ul><li>Introduisent pour la premi\u00e8re fois sur le march\u00e9 national des produits emball\u00e9s.<\/li><li>Importent des produits emball\u00e9s.<\/li><li>Importent des v\u00e9hicules, des machines agricoles, etc.<\/li><li>Introduisent des produits dans des emballages de marque ou sous leur propre marque.<\/li><li>Introduisent des \u00e9quipements \u00e9lectriques et \u00e9lectroniques.<\/li><li>Introduisent des piles et accumulateurs portables.<\/li><li>Introduisent des produits tels que des huiles, des lubrifiants, des pneus pneumatiques et des v\u00e9hicules.<\/li><\/ul><p>Si vous appartenez \u00e0 l&rsquo;un des groupes mentionn\u00e9s, cela signifie que vous devez payer la taxe sur les produits. Cependant, quel est le montant exact de la taxe?<\/p>\t\t\t\t\t\t\t\t<\/div>\n\t\t\t\t<\/div>\n\t\t\t\t<div class=\"elementor-element elementor-element-7ca20cf1 elementor-widget elementor-widget-heading\" data-id=\"7ca20cf1\" data-element_type=\"widget\" data-widget_type=\"heading.default\">\n\t\t\t\t<div class=\"elementor-widget-container\">\n\t\t\t\t\t<h2 class=\"elementor-heading-title elementor-size-default\">Quel est le montant de la taxe sur les produits et quand doit-elle \u00eatre pay\u00e9e ?<\/h2>\t\t\t\t<\/div>\n\t\t\t\t<\/div>\n\t\t\t\t<div class=\"elementor-element elementor-element-198916b elementor-widget elementor-widget-text-editor\" data-id=\"198916b\" data-element_type=\"widget\" data-widget_type=\"text-editor.default\">\n\t\t\t\t<div class=\"elementor-widget-container\">\n\t\t\t\t\t\t\t\t\t<p>Le montant de la taxe sur les produits est calcul\u00e9 en fonction du poids des produits fabriqu\u00e9s, exprim\u00e9 en kilogrammes. Les taux d\u00e9taill\u00e9s pour diff\u00e9rents types d&#8217;emballages sont sp\u00e9cifi\u00e9s par les r\u00e9glementations du Ministre du Climat et de l&rsquo;Environnement, c&rsquo;est donc dans ces r\u00e9glementations qu&rsquo;il faut chercher les montants actuels des taxes. Cependant, les r\u00e9glementations fixent \u00e9galement un taux maximal, ce qui signifie que vous ne paierez pas plus de 4,50 PLN par kg pour les emballages de produits.<br \/>Les entrepreneurs produisant des biens emball\u00e9s doivent payer la taxe sur les produits d&rsquo;ici le 15 mars, tandis que pour l&rsquo;introduction de produits tels que les huiles, les lubrifiants ou les pneus pneumatiques sur le march\u00e9, la date limite est le 31 mars. La taxe sur les produits est pay\u00e9e apr\u00e8s la fin de l&rsquo;ann\u00e9e civile, permettant ainsi d&rsquo;inclure toute la p\u00e9riode comptable.<\/p>\t\t\t\t\t\t\t\t<\/div>\n\t\t\t\t<\/div>\n\t\t\t\t<div class=\"elementor-element elementor-element-43940ee5 elementor-widget elementor-widget-heading\" data-id=\"43940ee5\" data-element_type=\"widget\" data-widget_type=\"heading.default\">\n\t\t\t\t<div class=\"elementor-widget-container\">\n\t\t\t\t\t<h2 class=\"elementor-heading-title elementor-size-default\">Quelles sont les obligations li\u00e9es \u00e0 la taxe sur les produits ?<\/h2>\t\t\t\t<\/div>\n\t\t\t\t<\/div>\n\t\t\t\t<div class=\"elementor-element elementor-element-38e85d64 elementor-widget elementor-widget-text-editor\" data-id=\"38e85d64\" data-element_type=\"widget\" data-widget_type=\"text-editor.default\">\n\t\t\t\t<div class=\"elementor-widget-container\">\n\t\t\t\t\t\t\t\t\t<p>En plus de payer une taxe sur les produits, les entrepreneurs sont \u00e9galement tenus de mener des campagnes \u00e9ducatives publiques visant \u00e0 accro\u00eetre la sensibilisation \u00e9cologique des consommateurs. Les entit\u00e9s soumises \u00e0 l&rsquo;obligation de payer une taxe sur les produits devraient allouer au moins 2 % de la valeur nette des emballages mis sur le march\u00e9 \u00e0 cette fin chaque ann\u00e9e.<\/p><p>Une option alternative est de transf\u00e9rer la m\u00eame somme sur un compte bancaire s\u00e9par\u00e9 du mar\u00e9chal de la vo\u00efvodie.<\/p><p>Cependant, les campagnes d&rsquo;\u00e9ducation publique ne sont pas tout. Les entrepreneurs sont \u00e9galement tenus de pr\u00e9parer des rapports annuels sur les produits, l&#8217;emballage et la gestion des d\u00e9chets. Ces rapports prennent en compte :<\/p><ul><li>L&rsquo;importation et l&rsquo;exportation de d\u00e9chets d&#8217;emballage.<\/li><li>Le poids des emballages introduits sur le march\u00e9 int\u00e9rieur.<\/li><li>L&rsquo;approvisionnement intracommunautaire en produits.<\/li><li>L&rsquo;organisation de la r\u00e9cup\u00e9ration des emballages.<\/li><li>Des informations sur les campagnes \u00e9ducatives publiques.<\/li><\/ul><p>L&rsquo;obligation de d\u00e9claration est tr\u00e8s importante car son non-respect ou une ex\u00e9cution incorrecte peut entra\u00eener des amendes administratives. Le rapport doit \u00eatre soumis \u00e0 l&rsquo;autorit\u00e9 comp\u00e9tente d&rsquo;ici le 15 mars de chaque ann\u00e9e.<\/p>\t\t\t\t\t\t\t\t<\/div>\n\t\t\t\t<\/div>\n\t\t\t\t<div class=\"elementor-element elementor-element-6b875005 elementor-widget elementor-widget-image\" data-id=\"6b875005\" data-element_type=\"widget\" data-widget_type=\"image.default\">\n\t\t\t\t<div class=\"elementor-widget-container\">\n\t\t\t\t\t\t\t\t\t\t\t\t\t\t\t<img decoding=\"async\" width=\"942\" height=\"628\" src=\"https:\/\/r2eko.com\/wp-content\/uploads\/2023\/10\/oplata-produktowa-zdjecie-nr-1.jpg\" class=\"attachment-large size-large wp-image-5229\" alt=\"\" srcset=\"https:\/\/r2eko.com\/wp-content\/uploads\/2023\/10\/oplata-produktowa-zdjecie-nr-1.jpg 942w, https:\/\/r2eko.com\/wp-content\/uploads\/2023\/10\/oplata-produktowa-zdjecie-nr-1-600x400.jpg 600w, https:\/\/r2eko.com\/wp-content\/uploads\/2023\/10\/oplata-produktowa-zdjecie-nr-1-300x200.jpg 300w, https:\/\/r2eko.com\/wp-content\/uploads\/2023\/10\/oplata-produktowa-zdjecie-nr-1-768x512.jpg 768w\" sizes=\"(max-width: 942px) 100vw, 942px\" \/>\t\t\t\t\t\t\t\t\t\t\t\t\t\t\t<\/div>\n\t\t\t\t<\/div>\n\t\t\t\t<div class=\"elementor-element elementor-element-8a9cc11 elementor-widget elementor-widget-heading\" data-id=\"8a9cc11\" data-element_type=\"widget\" data-widget_type=\"heading.default\">\n\t\t\t\t<div class=\"elementor-widget-container\">\n\t\t\t\t\t<h2 class=\"elementor-heading-title elementor-size-default\">L'entrepreneur remplit-il les obligations li\u00e9es \u00e0 la taxe sur les produits de mani\u00e8re ind\u00e9pendante?<\/h2>\t\t\t\t<\/div>\n\t\t\t\t<\/div>\n\t\t\t\t<div class=\"elementor-element elementor-element-5571315f elementor-widget elementor-widget-text-editor\" data-id=\"5571315f\" data-element_type=\"widget\" data-widget_type=\"text-editor.default\">\n\t\t\t\t<div class=\"elementor-widget-container\">\n\t\t\t\t\t\t\t\t\t<p>Un entrepreneur peut remplir l&rsquo;obligation d&rsquo;atteindre les niveaux de r\u00e9cup\u00e9ration et de recyclage requis soit de mani\u00e8re ind\u00e9pendante, soit par l&rsquo;interm\u00e9diaire d&rsquo;une organisation de r\u00e9cup\u00e9ration d&#8217;emballages. L&rsquo;organisation conclut un accord avec l&rsquo;entrepreneur, s&rsquo;engageant \u00e0 assurer le recyclage de la quantit\u00e9 de d\u00e9chets d&#8217;emballages que l&rsquo;entreprise a introduite dans la circulation au cours d&rsquo;une ann\u00e9e civile donn\u00e9e. L&rsquo;organisation de r\u00e9cup\u00e9ration des emballages assume \u00e9galement la responsabilit\u00e9 de mener des campagnes \u00e9ducatives publiques.<br \/>Cependant, des r\u00e9glementations sp\u00e9cifiques s&rsquo;appliquent aux entrepreneurs introduisant des emballages multi-mat\u00e9riaux sur le march\u00e9. Ils ne sont pas autoris\u00e9s \u00e0 r\u00e9gler la r\u00e9cup\u00e9ration des emballages de mani\u00e8re ind\u00e9pendante ou uniquement par l&rsquo;interm\u00e9diaire d&rsquo;une organisation appropri\u00e9e. \u00c0 cet \u00e9gard, le l\u00e9gislateur impose une collaboration avec n&rsquo;importe quelle Chambre de Commerce, qui, au nom de l&rsquo;entrepreneur, remplira les obligations d&rsquo;atteindre les niveaux requis de recyclage des d\u00e9chets d&#8217;emballages.<\/p>\t\t\t\t\t\t\t\t<\/div>\n\t\t\t\t<\/div>\n\t\t\t\t<div class=\"elementor-element elementor-element-2dcf88aa elementor-widget elementor-widget-image\" data-id=\"2dcf88aa\" data-element_type=\"widget\" data-widget_type=\"image.default\">\n\t\t\t\t<div class=\"elementor-widget-container\">\n\t\t\t\t\t\t\t\t\t\t\t\t\t\t\t<img decoding=\"async\" width=\"1024\" height=\"1002\" src=\"https:\/\/r2eko.com\/wp-content\/uploads\/2023\/10\/zdjecie-2-1024x1002.png\" class=\"attachment-large size-large wp-image-5230\" alt=\"\" srcset=\"https:\/\/r2eko.com\/wp-content\/uploads\/2023\/10\/zdjecie-2-1024x1002.png 1024w, https:\/\/r2eko.com\/wp-content\/uploads\/2023\/10\/zdjecie-2-600x587.png 600w, https:\/\/r2eko.com\/wp-content\/uploads\/2023\/10\/zdjecie-2-300x294.png 300w, https:\/\/r2eko.com\/wp-content\/uploads\/2023\/10\/zdjecie-2-768x752.png 768w, https:\/\/r2eko.com\/wp-content\/uploads\/2023\/10\/zdjecie-2.png 1280w\" sizes=\"(max-width: 1024px) 100vw, 1024px\" \/>\t\t\t\t\t\t\t\t\t\t\t\t\t\t\t<\/div>\n\t\t\t\t<\/div>\n\t\t\t\t<div class=\"elementor-element elementor-element-5f43fe0 elementor-widget elementor-widget-heading\" data-id=\"5f43fe0\" data-element_type=\"widget\" data-widget_type=\"heading.default\">\n\t\t\t\t<div class=\"elementor-widget-container\">\n\t\t\t\t\t<h2 class=\"elementor-heading-title elementor-size-default\">Qui est exempt\u00e9 de la taxe sur les produits?<\/h2>\t\t\t\t<\/div>\n\t\t\t\t<\/div>\n\t\t\t\t<div class=\"elementor-element elementor-element-382daae elementor-widget elementor-widget-text-editor\" data-id=\"382daae\" data-element_type=\"widget\" data-widget_type=\"text-editor.default\">\n\t\t\t\t<div class=\"elementor-widget-container\">\n\t\t\t\t\t\t\t\t\t<p>Les entrepreneurs qui introduisent du petit \u00e9quipement sur le march\u00e9 sont exempt\u00e9s de la taxe sur les produits, \u00e0 condition que aucune de ses dimensions externes ne d\u00e9passe 50 cm et que la masse totale de l&rsquo;\u00e9quipement produite en moyenne par an soit inf\u00e9rieure \u00e0 100 kg. L&rsquo;exemption s&rsquo;applique \u00e9galement aux \u00e9quipements de grande taille avec les m\u00eames dimensions maximales, mais leur masse totale ne doit pas d\u00e9passer 1000 kg.<\/p><p>Pour \u00eatre exempt\u00e9 de la taxe sur les produits, il est n\u00e9cessaire de soumettre une demande d&rsquo;aide de minimis d&rsquo;ici le 15 mars de chaque ann\u00e9e. Il est \u00e9galement obligatoire de fournir toutes les informations n\u00e9cessaires sur l&rsquo;entrepreneur demandant l&rsquo;exemption et les activit\u00e9s commerciales qu&rsquo;il m\u00e8ne. En accomplissant toutes les formalit\u00e9s, les producteurs r\u00e9pondant aux crit\u00e8res sp\u00e9cifi\u00e9s peuvent \u00eatre exempt\u00e9s de la taxe sur les produits.<\/p>\t\t\t\t\t\t\t\t<\/div>\n\t\t\t\t<\/div>\n\t\t\t\t<div class=\"elementor-element elementor-element-c32ff21 elementor-widget elementor-widget-heading\" data-id=\"c32ff21\" data-element_type=\"widget\" data-widget_type=\"heading.default\">\n\t\t\t\t<div class=\"elementor-widget-container\">\n\t\t\t\t\t<h2 class=\"elementor-heading-title elementor-size-default\">Avantages du conseil chez r2eko<\/h2>\t\t\t\t<\/div>\n\t\t\t\t<\/div>\n\t\t\t\t<div class=\"elementor-element elementor-element-a4df8c1 elementor-widget elementor-widget-text-editor\" data-id=\"a4df8c1\" data-element_type=\"widget\" data-widget_type=\"text-editor.default\">\n\t\t\t\t<div class=\"elementor-widget-container\">\n\t\t\t\t\t\t\t\t\t<p>Chez r2eko, nous vous aiderons \u00e0 calculer le montant des frais de produits et \u00e0 d\u00e9poser les rapports appropri\u00e9s. Des rapports incorrectement soumis peuvent entra\u00eener l&rsquo;obligation de payer des amendes administratives, mais avec notre \u00e9quipe de professionnels, vous n&rsquo;aurez pas \u00e0 vous soucier de cela.<br \/>Avec des ann\u00e9es d&rsquo;exp\u00e9rience, nous pouvons soumettre des rapports pr\u00e9cis non seulement pour les frais de produits, mais aussi pour les montants allou\u00e9s aux campagnes \u00e9ducatives. Vous voulez \u00e9viter les amendes ? Faites confiance \u00e0 nos sp\u00e9cialistes et optez pour le conseil chez r2eko.<\/p>\t\t\t\t\t\t\t\t<\/div>\n\t\t\t\t<\/div>\n\t\t\t\t<div class=\"elementor-element elementor-element-6f417db elementor-hidden-widescreen elementor-hidden-desktop elementor-hidden-laptop elementor-hidden-tablet_extra elementor-hidden-tablet elementor-hidden-mobile_extra elementor-hidden-mobile elementor-widget elementor-widget-global elementor-global-6189 elementor-widget-ecofinecore_button\" data-id=\"6f417db\" data-element_type=\"widget\" data-widget_type=\"ecofinecore_button.default\">\n\t\t\t\t<div class=\"elementor-widget-container\">\n\t\t\t\t\t        <div class=\"theme-button button\">\n            <a href=\"#formularz\" target=\"_blank\" rel=\"nofollow\" class=\"theme-btns\"><span>Um\u00f3w si\u0119 na bezp\u0142atn\u0105 konsultacj\u0119<i class=\"fas fa-angle-double-right\"><\/i> <\/span><\/a>\n        <\/div>\n        \t\t\t\t<\/div>\n\t\t\t\t<\/div>\n\t\t\t\t\t<\/div>\n\t\t<\/div>\n\t\t\t\t<div class=\"elementor-column elementor-col-50 elementor-top-column elementor-element elementor-element-4458589f\" data-id=\"4458589f\" data-element_type=\"column\" data-settings=\"{&quot;background_background&quot;:&quot;classic&quot;}\">\n\t\t\t<div class=\"elementor-widget-wrap elementor-element-populated\">\n\t\t\t\t\t\t<div class=\"elementor-element elementor-element-b0a1f8e content elementor-hidden-tablet elementor-hidden-mobile elementor-widget__width-initial elementor-toc--minimized-on-tablet elementor-widget elementor-widget-global elementor-global-6093 elementor-widget-table-of-contents\" data-id=\"b0a1f8e\" data-element_type=\"widget\" data-settings=\"{&quot;headings_by_tags&quot;:[&quot;h2&quot;],&quot;exclude_headings_by_selector&quot;:&quot;h2.about-title, h2.faq1, h2.accordion-header&quot;,&quot;no_headings_message&quot;:&quot;No headings were found on this page.&quot;,&quot;marker_view&quot;:&quot;numbers&quot;,&quot;minimize_box&quot;:&quot;yes&quot;,&quot;minimized_on&quot;:&quot;tablet&quot;,&quot;hierarchical_view&quot;:&quot;yes&quot;,&quot;min_height&quot;:{&quot;unit&quot;:&quot;px&quot;,&quot;size&quot;:&quot;&quot;,&quot;sizes&quot;:[]},&quot;min_height_widescreen&quot;:{&quot;unit&quot;:&quot;px&quot;,&quot;size&quot;:&quot;&quot;,&quot;sizes&quot;:[]},&quot;min_height_laptop&quot;:{&quot;unit&quot;:&quot;px&quot;,&quot;size&quot;:&quot;&quot;,&quot;sizes&quot;:[]},&quot;min_height_tablet_extra&quot;:{&quot;unit&quot;:&quot;px&quot;,&quot;size&quot;:&quot;&quot;,&quot;sizes&quot;:[]},&quot;min_height_tablet&quot;:{&quot;unit&quot;:&quot;px&quot;,&quot;size&quot;:&quot;&quot;,&quot;sizes&quot;:[]},&quot;min_height_mobile_extra&quot;:{&quot;unit&quot;:&quot;px&quot;,&quot;size&quot;:&quot;&quot;,&quot;sizes&quot;:[]},&quot;min_height_mobile&quot;:{&quot;unit&quot;:&quot;px&quot;,&quot;size&quot;:&quot;&quot;,&quot;sizes&quot;:[]}}\" data-widget_type=\"table-of-contents.default\">\n\t\t\t\t<div class=\"elementor-widget-container\">\n\t\t\t\t\t\t\t\t\t<div class=\"elementor-toc__header\">\n\t\t\t\t\t\t\t\t\t\t<div class=\"elementor-toc__toggle-button elementor-toc__toggle-button--expand\" role=\"button\" tabindex=\"0\" aria-controls=\"elementor-toc__b0a1f8e\" aria-expanded=\"true\" aria-label=\"Ouvrir la table des mati\u00e8res\"><i aria-hidden=\"true\" class=\"fas fa-chevron-down\"><\/i><\/div>\n\t\t\t\t<div class=\"elementor-toc__toggle-button elementor-toc__toggle-button--collapse\" role=\"button\" tabindex=\"0\" aria-controls=\"elementor-toc__b0a1f8e\" aria-expanded=\"true\" aria-label=\"Fermer la table des mati\u00e8res\"><i aria-hidden=\"true\" class=\"fas fa-chevron-up\"><\/i><\/div>\n\t\t\t\t\t<\/div>\n\t\t\t\t<div id=\"elementor-toc__b0a1f8e\" class=\"elementor-toc__body\">\n\t\t\t<div class=\"elementor-toc__spinner-container\">\n\t\t\t\t<i class=\"elementor-toc__spinner eicon-animation-spin eicon-loading\" aria-hidden=\"true\"><\/i>\t\t\t<\/div>\n\t\t<\/div>\n\t\t\t\t\t\t<\/div>\n\t\t\t\t<\/div>\n\t\t\t\t<div class=\"elementor-element elementor-element-11e0edc elementor-widget-tablet_extra__width-initial elementor-widget elementor-widget-global elementor-global-11948 elementor-global-6090 elementor-widget-eco_call_addons\" data-id=\"11e0edc\" data-element_type=\"widget\" data-settings=\"{&quot;sticky_offset&quot;:20,&quot;sticky&quot;:&quot;top&quot;,&quot;sticky_parent&quot;:&quot;yes&quot;,&quot;sticky_on&quot;:[&quot;widescreen&quot;,&quot;desktop&quot;,&quot;laptop&quot;,&quot;tablet_extra&quot;,&quot;tablet&quot;,&quot;mobile_extra&quot;,&quot;mobile&quot;],&quot;sticky_effects_offset&quot;:0,&quot;sticky_anchor_link_offset&quot;:0}\" data-widget_type=\"eco_call_addons.default\">\n\t\t\t\t<div class=\"elementor-widget-container\">\n\t\t\t\t\t        <div class=\"eco-call-addons-wrapper\">\n            <div class=\"eco-call-info-item\"  style=\"background-image:url( https:\/\/r2eko.com\/wp-content\/uploads\/2023\/04\/sd.jpg ) \">\n                                    <div class=\"eco-call-icon\">\n                        <i aria-hidden=\"true\" class=\"bi bi-telephone-fill\"><\/i>                    <\/div>\n                                <div class=\"eco-contact-content\">\n                                                                <div class=\"eco-call-dec\"><p><a href=\"tel:+48 537 561 303\"><span style=\"color: #ffffff;font-size: 20px\"><b>+48 537 561 303<\/b><\/span><\/a><\/p><\/div>\n                                    <\/div>\n            <\/div>\n        <\/div>\n        \t\t\t\t<\/div>\n\t\t\t\t<\/div>\n\t\t\t\t\t<\/div>\n\t\t<\/div>\n\t\t\t\t\t<\/div>\n\t\t<\/section>\n\t\t\t\t<\/div>\n\t\t","protected":false},"excerpt":{"rendered":"<p>Na tej stronie dowiesz si\u0119: Le recyclage des emballages est un processus co\u00fbteux mais essentiel pour l&rsquo;environnement. Si vous \u00eates un fabricant introduisant des marchandises dans des emballages sur le march\u00e9, assurez-vous de v\u00e9rifier si les frais de produit s&rsquo;appliquent \u00e9galement \u00e0 vous. Qu&rsquo;est-ce qu&rsquo;une taxe sur les produits ? Les r\u00e9glementations l\u00e9gales imposent diverses [&hellip;]<\/p>\n","protected":false},"author":4,"featured_media":0,"parent":0,"menu_order":0,"comment_status":"closed","ping_status":"closed","template":"","meta":{"om_disable_all_campaigns":false,"inline_featured_image":false,"_monsterinsights_skip_tracking":false,"_monsterinsights_sitenote_active":false,"_monsterinsights_sitenote_note":"","_monsterinsights_sitenote_category":0,"footnotes":""},"class_list":["post-9745","page","type-page","status-publish","hentry"],"aioseo_notices":[],"_links":{"self":[{"href":"https:\/\/r2eko.com\/fr\/wp-json\/wp\/v2\/pages\/9745","targetHints":{"allow":["GET"]}}],"collection":[{"href":"https:\/\/r2eko.com\/fr\/wp-json\/wp\/v2\/pages"}],"about":[{"href":"https:\/\/r2eko.com\/fr\/wp-json\/wp\/v2\/types\/page"}],"author":[{"embeddable":true,"href":"https:\/\/r2eko.com\/fr\/wp-json\/wp\/v2\/users\/4"}],"replies":[{"embeddable":true,"href":"https:\/\/r2eko.com\/fr\/wp-json\/wp\/v2\/comments?post=9745"}],"version-history":[{"count":4,"href":"https:\/\/r2eko.com\/fr\/wp-json\/wp\/v2\/pages\/9745\/revisions"}],"predecessor-version":[{"id":9749,"href":"https:\/\/r2eko.com\/fr\/wp-json\/wp\/v2\/pages\/9745\/revisions\/9749"}],"wp:attachment":[{"href":"https:\/\/r2eko.com\/fr\/wp-json\/wp\/v2\/media?parent=9745"}],"curies":[{"name":"wp","href":"https:\/\/api.w.org\/{rel}","templated":true}]}}