{"id":12270,"date":"2025-02-12T11:08:30","date_gmt":"2025-02-12T11:08:30","guid":{"rendered":"https:\/\/r2eko.com\/examen-des-agglomerations-deau-et-dassainissement\/"},"modified":"2025-02-12T12:32:56","modified_gmt":"2025-02-12T12:32:56","slug":"examen-des-agglomerations-deau-et-dassainissement","status":"publish","type":"page","link":"https:\/\/r2eko.com\/fr\/examen-des-agglomerations-deau-et-dassainissement\/","title":{"rendered":"Examen des agglom\u00e9rations d&rsquo;eau et d&rsquo;assainissement"},"content":{"rendered":"\t\t<div data-elementor-type=\"wp-page\" data-elementor-id=\"12270\" class=\"elementor elementor-12270 elementor-12133\" data-elementor-post-type=\"page\">\n\t\t\t\t<div class=\"elementor-element elementor-element-4c696db e-flex e-con-boxed e-con e-parent\" data-id=\"4c696db\" data-element_type=\"container\">\n\t\t\t\t\t<div class=\"e-con-inner\">\n\t\t\t\t\t<\/div>\n\t\t\t\t<\/div>\n\t\t\t\t<section class=\"elementor-section elementor-top-section elementor-element elementor-element-43c9452 elementor-section-full_width elementor-section-height-default elementor-section-height-default\" data-id=\"43c9452\" data-element_type=\"section\">\n\t\t\t\t\t\t<div class=\"elementor-container elementor-column-gap-wide\">\n\t\t\t\t\t<div class=\"elementor-column elementor-col-50 elementor-top-column elementor-element elementor-element-701add5\" data-id=\"701add5\" data-element_type=\"column\">\n\t\t\t<div class=\"elementor-widget-wrap elementor-element-populated\">\n\t\t\t\t\t\t<div class=\"elementor-element elementor-element-00950e6 content elementor-hidden-desktop elementor-hidden-widescreen elementor-hidden-laptop elementor-hidden-tablet_extra elementor-hidden-mobile_extra elementor-toc--minimized-on-tablet elementor-widget elementor-widget-global elementor-global-7117 elementor-widget-table-of-contents\" data-id=\"00950e6\" data-element_type=\"widget\" data-settings=\"{&quot;headings_by_tags&quot;:[&quot;h2&quot;],&quot;exclude_headings_by_selector&quot;:&quot;h2.about-title, h2.faq1, h2.accordion-header&quot;,&quot;no_headings_message&quot;:&quot;No headings were found on this page.&quot;,&quot;marker_view&quot;:&quot;numbers&quot;,&quot;minimize_box&quot;:&quot;yes&quot;,&quot;minimized_on&quot;:&quot;tablet&quot;,&quot;hierarchical_view&quot;:&quot;yes&quot;,&quot;min_height&quot;:{&quot;unit&quot;:&quot;px&quot;,&quot;size&quot;:&quot;&quot;,&quot;sizes&quot;:[]},&quot;min_height_widescreen&quot;:{&quot;unit&quot;:&quot;px&quot;,&quot;size&quot;:&quot;&quot;,&quot;sizes&quot;:[]},&quot;min_height_laptop&quot;:{&quot;unit&quot;:&quot;px&quot;,&quot;size&quot;:&quot;&quot;,&quot;sizes&quot;:[]},&quot;min_height_tablet_extra&quot;:{&quot;unit&quot;:&quot;px&quot;,&quot;size&quot;:&quot;&quot;,&quot;sizes&quot;:[]},&quot;min_height_tablet&quot;:{&quot;unit&quot;:&quot;px&quot;,&quot;size&quot;:&quot;&quot;,&quot;sizes&quot;:[]},&quot;min_height_mobile_extra&quot;:{&quot;unit&quot;:&quot;px&quot;,&quot;size&quot;:&quot;&quot;,&quot;sizes&quot;:[]},&quot;min_height_mobile&quot;:{&quot;unit&quot;:&quot;px&quot;,&quot;size&quot;:&quot;&quot;,&quot;sizes&quot;:[]}}\" data-widget_type=\"table-of-contents.default\">\n\t\t\t\t<div class=\"elementor-widget-container\">\n\t\t\t\t\t\t\t\t\t<div class=\"elementor-toc__header\">\n\t\t\t\t\t\t<h3 class=\"elementor-toc__header-title\">\n\t\t\t\tOn this page you will learn:\t\t\t<\/h3>\n\t\t\t\t\t\t\t\t\t\t<div class=\"elementor-toc__toggle-button elementor-toc__toggle-button--expand\" role=\"button\" tabindex=\"0\" aria-controls=\"elementor-toc__00950e6\" aria-expanded=\"true\" aria-label=\"Ouvrir la table des mati\u00e8res\"><i aria-hidden=\"true\" class=\"fas fa-chevron-down\"><\/i><\/div>\n\t\t\t\t<div class=\"elementor-toc__toggle-button elementor-toc__toggle-button--collapse\" role=\"button\" tabindex=\"0\" aria-controls=\"elementor-toc__00950e6\" aria-expanded=\"true\" aria-label=\"Fermer la table des mati\u00e8res\"><i aria-hidden=\"true\" class=\"fas fa-chevron-up\"><\/i><\/div>\n\t\t\t\t\t<\/div>\n\t\t\t\t<div id=\"elementor-toc__00950e6\" class=\"elementor-toc__body\">\n\t\t\t<div class=\"elementor-toc__spinner-container\">\n\t\t\t\t<i class=\"elementor-toc__spinner eicon-animation-spin eicon-loading\" aria-hidden=\"true\"><\/i>\t\t\t<\/div>\n\t\t<\/div>\n\t\t\t\t\t\t<\/div>\n\t\t\t\t<\/div>\n\t\t\t\t<div class=\"elementor-element elementor-element-8cad9df elementor-widget elementor-widget-text-editor\" data-id=\"8cad9df\" data-element_type=\"widget\" data-widget_type=\"text-editor.default\">\n\t\t\t\t<div class=\"elementor-widget-container\">\n\t\t\t\t\t\t\t\t\t<p align=\"justify\"><span style=\"font-size: medium;\">Votre commune a-t-elle r\u00e9alis\u00e9 l\u2019examen des zones et des limites des agglom\u00e9rations d\u2019eau et d\u2019assainissement dans les d\u00e9lais requis ? Conform\u00e9ment \u00e0 l\u2019article 92 de la Loi sur l\u2019eau, le maire ou le pr\u00e9sident de la ville est tenu de proc\u00e9der \u00e0 un examen des agglom\u00e9rations tous les deux ans, en tenant compte des \u00e9volutions du nombre d\u2019habitants \u00e9quivalents ainsi que des crit\u00e8res de leur cr\u00e9ation. Si n\u00e9cessaire, il doit informer le Conseil Municipal de la n\u00e9cessit\u00e9 de modifier les zones et les limites.   <\/span><\/p>\n\t\t\t\t\t\t\t\t<\/div>\n\t\t\t\t<\/div>\n\t\t\t\t<div class=\"elementor-element elementor-element-019df71 elementor-widget elementor-widget-heading\" data-id=\"019df71\" data-element_type=\"widget\" data-widget_type=\"heading.default\">\n\t\t\t\t<div class=\"elementor-widget-container\">\n\t\t\t\t\t<h2 class=\"elementor-heading-title elementor-size-default\">Pourquoi l'examen des agglom\u00e9rations est-il important ?<\/h2>\t\t\t\t<\/div>\n\t\t\t\t<\/div>\n\t\t\t\t<div class=\"elementor-element elementor-element-b59c987 elementor-widget elementor-widget-text-editor\" data-id=\"b59c987\" data-element_type=\"widget\" data-widget_type=\"text-editor.default\">\n\t\t\t\t<div class=\"elementor-widget-container\">\n\t\t\t\t\t\t\t\t\t<p align=\"justify\"><span style=\"font-size: medium;\">Cet examen permet de mettre \u00e0 jour les agglom\u00e9rations en fonction des changements d\u00e9mographiques et urbanistiques. Il est essentiel non seulement pour se conformer aux r\u00e9glementations, mais aussi pour une bonne planification des investissements dans les infrastructures d\u2019eau et d\u2019assainissement. N\u00e9gliger cette obligation peut entra\u00eener des cons\u00e9quences n\u00e9gatives lors des contr\u00f4les effectu\u00e9s par les autorit\u00e9s comp\u00e9tentes (Wody Polskie, RDO\u015a).  <\/span><\/p>\n\t\t\t\t\t\t\t\t<\/div>\n\t\t\t\t<\/div>\n\t\t\t\t<div class=\"elementor-element elementor-element-3544a10 elementor-widget elementor-widget-image\" data-id=\"3544a10\" data-element_type=\"widget\" data-widget_type=\"image.default\">\n\t\t\t\t<div class=\"elementor-widget-container\">\n\t\t\t\t\t\t\t\t\t\t\t\t\t\t\t<img fetchpriority=\"high\" decoding=\"async\" width=\"1024\" height=\"768\" src=\"https:\/\/r2eko.com\/wp-content\/uploads\/2025\/02\/image-17.jpg\" class=\"attachment-large size-large wp-image-12196\" alt=\"\" srcset=\"https:\/\/r2eko.com\/wp-content\/uploads\/2025\/02\/image-17.jpg 1024w, https:\/\/r2eko.com\/wp-content\/uploads\/2025\/02\/image-17-300x225.jpg 300w, https:\/\/r2eko.com\/wp-content\/uploads\/2025\/02\/image-17-768x576.jpg 768w, https:\/\/r2eko.com\/wp-content\/uploads\/2025\/02\/image-17-600x450.jpg 600w\" sizes=\"(max-width: 1024px) 100vw, 1024px\" \/>\t\t\t\t\t\t\t\t\t\t\t\t\t\t\t<\/div>\n\t\t\t\t<\/div>\n\t\t\t\t<div class=\"elementor-element elementor-element-69f289d elementor-widget elementor-widget-heading\" data-id=\"69f289d\" data-element_type=\"widget\" data-widget_type=\"heading.default\">\n\t\t\t\t<div class=\"elementor-widget-container\">\n\t\t\t\t\t<h2 class=\"elementor-heading-title elementor-size-default\">En quoi consiste l'examen des agglom\u00e9rations ?<\/h2>\t\t\t\t<\/div>\n\t\t\t\t<\/div>\n\t\t\t\t<div class=\"elementor-element elementor-element-ffa0574 elementor-widget__width-initial elementor-widget elementor-widget-text-editor\" data-id=\"ffa0574\" data-element_type=\"widget\" data-widget_type=\"text-editor.default\">\n\t\t\t\t<div class=\"elementor-widget-container\">\n\t\t\t\t\t\t\t\t\t<p align=\"justify\"><span style=\"font-size: medium;\">L&rsquo;examen des agglom\u00e9rations d\u2019eau et d\u2019assainissement comprend : <span style=\"font-size: medium;\">L&rsquo;analyse des limites actuelles des agglom\u00e9rations et leur conformit\u00e9 avec la r\u00e9glementation en vigueur, <span style=\"font-size: medium;\">L&rsquo;\u00e9valuation des changements du nombre d\u2019habitants \u00e9quivalents, <span style=\"font-size: medium;\">La pr\u00e9paration d\u2019un rapport avec des conclusions indiquant la n\u00e9cessit\u00e9 d\u2019\u00e9ventuelles mises \u00e0 jour, <span style=\"font-size: medium;\">Si n\u00e9cessaire, l&rsquo;accompagnement dans la pr\u00e9paration de la r\u00e9solution agglom\u00e9ration, finalisant le processus de mise \u00e0 jour.<\/span><\/span><\/span><\/span><\/span><\/p>\n\t\t\t\t\t\t\t\t<\/div>\n\t\t\t\t<\/div>\n\t\t\t\t<div class=\"elementor-element elementor-element-f39c9ec elementor-widget elementor-widget-image\" data-id=\"f39c9ec\" data-element_type=\"widget\" data-widget_type=\"image.default\">\n\t\t\t\t<div class=\"elementor-widget-container\">\n\t\t\t\t\t\t\t\t\t\t\t\t\t\t\t<img decoding=\"async\" width=\"1024\" height=\"576\" src=\"https:\/\/r2eko.com\/wp-content\/uploads\/2025\/02\/page-3-1024x576.png\" class=\"attachment-large size-large wp-image-12152\" alt=\"\" srcset=\"https:\/\/r2eko.com\/wp-content\/uploads\/2025\/02\/page-3-1024x576.png 1024w, https:\/\/r2eko.com\/wp-content\/uploads\/2025\/02\/page-3-300x169.png 300w, https:\/\/r2eko.com\/wp-content\/uploads\/2025\/02\/page-3-768x432.png 768w, https:\/\/r2eko.com\/wp-content\/uploads\/2025\/02\/page-3-600x338.png 600w, https:\/\/r2eko.com\/wp-content\/uploads\/2025\/02\/page-3.png 1500w\" sizes=\"(max-width: 1024px) 100vw, 1024px\" \/>\t\t\t\t\t\t\t\t\t\t\t\t\t\t\t<\/div>\n\t\t\t\t<\/div>\n\t\t\t\t<div class=\"elementor-element elementor-element-9e70ad2 elementor-widget elementor-widget-heading\" data-id=\"9e70ad2\" data-element_type=\"widget\" data-widget_type=\"heading.default\">\n\t\t\t\t<div class=\"elementor-widget-container\">\n\t\t\t\t\t<h2 class=\"elementor-heading-title elementor-size-default\">Quels sont les avantages de collaborer avec r2eko ?<\/h2>\t\t\t\t<\/div>\n\t\t\t\t<\/div>\n\t\t\t\t<div class=\"elementor-element elementor-element-12d3f6f elementor-widget elementor-widget-text-editor\" data-id=\"12d3f6f\" data-element_type=\"widget\" data-widget_type=\"text-editor.default\">\n\t\t\t\t<div class=\"elementor-widget-container\">\n\t\t\t\t\t\t\t\t\t<p align=\"justify\"><span style=\"font-size: medium;\">Chez r2eko, nous offrons une assistance compl\u00e8te pour la r\u00e9alisation de l\u2019examen des agglom\u00e9rations d\u2019eau et d\u2019assainissement. Notre \u00e9quipe d\u2019experts exp\u00e9riment\u00e9s analysera la situation sp\u00e9cifique de votre commune et vous aidera \u00e0 \u00e9viter les risques li\u00e9s au non-respect de cette obligation. Gr\u00e2ce \u00e0 notre savoir-faire, le processus sera fluide et conforme aux exigences l\u00e9gales.  <\/span><\/p>\n<p align=\"justify\"><span style=\"font-size: medium;\">N\u2019attendez plus \u2013 contactez-nous d\u00e8s aujourd\u2019hui pour en savoir plus sur nos services !<\/span><\/p>\n\t\t\t\t\t\t\t\t<\/div>\n\t\t\t\t<\/div>\n\t\t\t\t<div class=\"elementor-element elementor-element-65b551f elementor-hidden-widescreen elementor-hidden-desktop elementor-hidden-laptop elementor-hidden-tablet_extra elementor-hidden-tablet elementor-hidden-mobile_extra elementor-hidden-mobile elementor-widget elementor-widget-global elementor-global-6189 elementor-widget-ecofinecore_button\" data-id=\"65b551f\" data-element_type=\"widget\" data-widget_type=\"ecofinecore_button.default\">\n\t\t\t\t<div class=\"elementor-widget-container\">\n\t\t\t\t\t        <div class=\"theme-button button\">\n            <a href=\"#formularz\" target=\"_blank\" rel=\"nofollow\" class=\"theme-btns\"><span>Um\u00f3w si\u0119 na bezp\u0142atn\u0105 konsultacj\u0119<i class=\"fas fa-angle-double-right\"><\/i> <\/span><\/a>\n        <\/div>\n        \t\t\t\t<\/div>\n\t\t\t\t<\/div>\n\t\t\t\t\t<\/div>\n\t\t<\/div>\n\t\t\t\t<div class=\"elementor-column elementor-col-50 elementor-top-column elementor-element elementor-element-004c181\" data-id=\"004c181\" data-element_type=\"column\" data-settings=\"{&quot;background_background&quot;:&quot;classic&quot;}\">\n\t\t\t<div class=\"elementor-widget-wrap elementor-element-populated\">\n\t\t\t\t\t\t<div class=\"elementor-element elementor-element-5a41d25 content elementor-hidden-tablet elementor-hidden-mobile elementor-widget__width-initial elementor-toc--minimized-on-tablet elementor-widget elementor-widget-global elementor-global-6093 elementor-widget-table-of-contents\" data-id=\"5a41d25\" data-element_type=\"widget\" data-settings=\"{&quot;headings_by_tags&quot;:[&quot;h2&quot;],&quot;exclude_headings_by_selector&quot;:&quot;h2.about-title, h2.faq1, h2.accordion-header&quot;,&quot;no_headings_message&quot;:&quot;No headings were found on this page.&quot;,&quot;marker_view&quot;:&quot;numbers&quot;,&quot;minimize_box&quot;:&quot;yes&quot;,&quot;minimized_on&quot;:&quot;tablet&quot;,&quot;hierarchical_view&quot;:&quot;yes&quot;,&quot;min_height&quot;:{&quot;unit&quot;:&quot;px&quot;,&quot;size&quot;:&quot;&quot;,&quot;sizes&quot;:[]},&quot;min_height_widescreen&quot;:{&quot;unit&quot;:&quot;px&quot;,&quot;size&quot;:&quot;&quot;,&quot;sizes&quot;:[]},&quot;min_height_laptop&quot;:{&quot;unit&quot;:&quot;px&quot;,&quot;size&quot;:&quot;&quot;,&quot;sizes&quot;:[]},&quot;min_height_tablet_extra&quot;:{&quot;unit&quot;:&quot;px&quot;,&quot;size&quot;:&quot;&quot;,&quot;sizes&quot;:[]},&quot;min_height_tablet&quot;:{&quot;unit&quot;:&quot;px&quot;,&quot;size&quot;:&quot;&quot;,&quot;sizes&quot;:[]},&quot;min_height_mobile_extra&quot;:{&quot;unit&quot;:&quot;px&quot;,&quot;size&quot;:&quot;&quot;,&quot;sizes&quot;:[]},&quot;min_height_mobile&quot;:{&quot;unit&quot;:&quot;px&quot;,&quot;size&quot;:&quot;&quot;,&quot;sizes&quot;:[]}}\" data-widget_type=\"table-of-contents.default\">\n\t\t\t\t<div class=\"elementor-widget-container\">\n\t\t\t\t\t\t\t\t\t<div class=\"elementor-toc__header\">\n\t\t\t\t\t\t\t\t\t\t<div class=\"elementor-toc__toggle-button elementor-toc__toggle-button--expand\" role=\"button\" tabindex=\"0\" aria-controls=\"elementor-toc__5a41d25\" aria-expanded=\"true\" aria-label=\"Ouvrir la table des mati\u00e8res\"><i aria-hidden=\"true\" class=\"fas fa-chevron-down\"><\/i><\/div>\n\t\t\t\t<div class=\"elementor-toc__toggle-button elementor-toc__toggle-button--collapse\" role=\"button\" tabindex=\"0\" aria-controls=\"elementor-toc__5a41d25\" aria-expanded=\"true\" aria-label=\"Fermer la table des mati\u00e8res\"><i aria-hidden=\"true\" class=\"fas fa-chevron-up\"><\/i><\/div>\n\t\t\t\t\t<\/div>\n\t\t\t\t<div id=\"elementor-toc__5a41d25\" class=\"elementor-toc__body\">\n\t\t\t<div class=\"elementor-toc__spinner-container\">\n\t\t\t\t<i class=\"elementor-toc__spinner eicon-animation-spin eicon-loading\" aria-hidden=\"true\"><\/i>\t\t\t<\/div>\n\t\t<\/div>\n\t\t\t\t\t\t<\/div>\n\t\t\t\t<\/div>\n\t\t\t\t<div class=\"elementor-element elementor-element-044192b elementor-widget-tablet_extra__width-initial elementor-widget elementor-widget-global elementor-global-6090 elementor-widget-eco_call_addons\" data-id=\"044192b\" data-element_type=\"widget\" data-settings=\"{&quot;sticky_offset&quot;:20,&quot;sticky&quot;:&quot;top&quot;,&quot;sticky_parent&quot;:&quot;yes&quot;,&quot;sticky_on&quot;:[&quot;widescreen&quot;,&quot;desktop&quot;,&quot;laptop&quot;,&quot;tablet_extra&quot;,&quot;tablet&quot;,&quot;mobile_extra&quot;,&quot;mobile&quot;],&quot;sticky_effects_offset&quot;:0,&quot;sticky_anchor_link_offset&quot;:0}\" data-widget_type=\"eco_call_addons.default\">\n\t\t\t\t<div class=\"elementor-widget-container\">\n\t\t\t\t\t        <div class=\"eco-call-addons-wrapper\">\n            <div class=\"eco-call-info-item\"  style=\"background-image:url( https:\/\/r2eko.com\/wp-content\/uploads\/2025\/12\/sd-bg.jpg ) \">\n                                    <div class=\"eco-call-icon\">\n                        <i aria-hidden=\"true\" class=\"bi bi-telephone-fill\"><\/i>                    <\/div>\n                                <div class=\"eco-contact-content\">\n                                                                <div class=\"eco-call-dec\"><a href=\"tel:+48 533\u00a0561\u00a0303\"><span style=\"color: #ffffff;font-size: 20px\"><b>+48\u00a0533\u00a0561\u00a0303<\/b><\/span><\/a><\/div>\n                                    <\/div>\n            <\/div>\n        <\/div>\n        \t\t\t\t<\/div>\n\t\t\t\t<\/div>\n\t\t\t\t\t<\/div>\n\t\t<\/div>\n\t\t\t\t\t<\/div>\n\t\t<\/section>\n\t\t\t\t<\/div>\n\t\t","protected":false},"excerpt":{"rendered":"<p>On this page you will learn: Votre commune a-t-elle r\u00e9alis\u00e9 l\u2019examen des zones et des limites des agglom\u00e9rations d\u2019eau et d\u2019assainissement dans les d\u00e9lais requis ? Conform\u00e9ment \u00e0 l\u2019article 92 de la Loi sur l\u2019eau, le maire ou le pr\u00e9sident de la ville est tenu de proc\u00e9der \u00e0 un examen des agglom\u00e9rations tous les deux [&hellip;]<\/p>\n","protected":false},"author":4,"featured_media":0,"parent":0,"menu_order":0,"comment_status":"closed","ping_status":"closed","template":"","meta":{"om_disable_all_campaigns":false,"inline_featured_image":false,"_monsterinsights_skip_tracking":false,"_monsterinsights_sitenote_active":false,"_monsterinsights_sitenote_note":"","_monsterinsights_sitenote_category":0,"footnotes":""},"class_list":["post-12270","page","type-page","status-publish","hentry"],"aioseo_notices":[],"_links":{"self":[{"href":"https:\/\/r2eko.com\/fr\/wp-json\/wp\/v2\/pages\/12270","targetHints":{"allow":["GET"]}}],"collection":[{"href":"https:\/\/r2eko.com\/fr\/wp-json\/wp\/v2\/pages"}],"about":[{"href":"https:\/\/r2eko.com\/fr\/wp-json\/wp\/v2\/types\/page"}],"author":[{"embeddable":true,"href":"https:\/\/r2eko.com\/fr\/wp-json\/wp\/v2\/users\/4"}],"replies":[{"embeddable":true,"href":"https:\/\/r2eko.com\/fr\/wp-json\/wp\/v2\/comments?post=12270"}],"version-history":[{"count":2,"href":"https:\/\/r2eko.com\/fr\/wp-json\/wp\/v2\/pages\/12270\/revisions"}],"predecessor-version":[{"id":12277,"href":"https:\/\/r2eko.com\/fr\/wp-json\/wp\/v2\/pages\/12270\/revisions\/12277"}],"wp:attachment":[{"href":"https:\/\/r2eko.com\/fr\/wp-json\/wp\/v2\/media?parent=12270"}],"curies":[{"name":"wp","href":"https:\/\/api.w.org\/{rel}","templated":true}]}}