{"id":11696,"date":"2024-02-13T22:44:13","date_gmt":"2024-02-13T22:44:13","guid":{"rendered":"https:\/\/r2eko.com\/tl\/"},"modified":"2025-01-03T12:06:13","modified_gmt":"2025-01-03T12:06:13","slug":"tl","status":"publish","type":"page","link":"https:\/\/r2eko.com\/en\/tl\/","title":{"rendered":"tl"},"content":{"rendered":"\t\t<div data-elementor-type=\"wp-page\" data-elementor-id=\"11696\" class=\"elementor elementor-11696 elementor-9336\" data-elementor-post-type=\"page\">\n\t\t\t\t\t\t<section class=\"elementor-section elementor-top-section elementor-element elementor-element-244bb67a elementor-section-full_width elementor-section-height-default elementor-section-height-default\" data-id=\"244bb67a\" data-element_type=\"section\">\n\t\t\t\t\t\t<div class=\"elementor-container elementor-column-gap-wide\">\n\t\t\t\t\t<div class=\"elementor-column elementor-col-50 elementor-top-column elementor-element elementor-element-2c748880\" data-id=\"2c748880\" data-element_type=\"column\">\n\t\t\t<div class=\"elementor-widget-wrap elementor-element-populated\">\n\t\t\t\t\t\t<div class=\"elementor-element elementor-element-c1f5230 content elementor-hidden-desktop elementor-hidden-widescreen elementor-hidden-laptop elementor-hidden-tablet_extra elementor-hidden-mobile_extra elementor-toc--minimized-on-tablet elementor-widget elementor-widget-global elementor-global-7117 elementor-widget-table-of-contents\" data-id=\"c1f5230\" data-element_type=\"widget\" data-settings=\"{&quot;headings_by_tags&quot;:[&quot;h2&quot;],&quot;exclude_headings_by_selector&quot;:&quot;h2.about-title, h2.faq1, h2.accordion-header&quot;,&quot;no_headings_message&quot;:&quot;No headings were found on this page.&quot;,&quot;marker_view&quot;:&quot;numbers&quot;,&quot;minimize_box&quot;:&quot;yes&quot;,&quot;minimized_on&quot;:&quot;tablet&quot;,&quot;hierarchical_view&quot;:&quot;yes&quot;,&quot;min_height&quot;:{&quot;unit&quot;:&quot;px&quot;,&quot;size&quot;:&quot;&quot;,&quot;sizes&quot;:[]},&quot;min_height_widescreen&quot;:{&quot;unit&quot;:&quot;px&quot;,&quot;size&quot;:&quot;&quot;,&quot;sizes&quot;:[]},&quot;min_height_laptop&quot;:{&quot;unit&quot;:&quot;px&quot;,&quot;size&quot;:&quot;&quot;,&quot;sizes&quot;:[]},&quot;min_height_tablet_extra&quot;:{&quot;unit&quot;:&quot;px&quot;,&quot;size&quot;:&quot;&quot;,&quot;sizes&quot;:[]},&quot;min_height_tablet&quot;:{&quot;unit&quot;:&quot;px&quot;,&quot;size&quot;:&quot;&quot;,&quot;sizes&quot;:[]},&quot;min_height_mobile_extra&quot;:{&quot;unit&quot;:&quot;px&quot;,&quot;size&quot;:&quot;&quot;,&quot;sizes&quot;:[]},&quot;min_height_mobile&quot;:{&quot;unit&quot;:&quot;px&quot;,&quot;size&quot;:&quot;&quot;,&quot;sizes&quot;:[]}}\" data-widget_type=\"table-of-contents.default\">\n\t\t\t\t<div class=\"elementor-widget-container\">\n\t\t\t\t\t\t\t\t\t<div class=\"elementor-toc__header\">\n\t\t\t\t\t\t<h3 class=\"elementor-toc__header-title\">\n\t\t\t\tOn this page you will learn:\t\t\t<\/h3>\n\t\t\t\t\t\t\t\t\t\t<div class=\"elementor-toc__toggle-button elementor-toc__toggle-button--expand\" role=\"button\" tabindex=\"0\" aria-controls=\"elementor-toc__c1f5230\" aria-expanded=\"true\" aria-label=\"Open table of contents\"><i aria-hidden=\"true\" class=\"fas fa-chevron-down\"><\/i><\/div>\n\t\t\t\t<div class=\"elementor-toc__toggle-button elementor-toc__toggle-button--collapse\" role=\"button\" tabindex=\"0\" aria-controls=\"elementor-toc__c1f5230\" aria-expanded=\"true\" aria-label=\"Close table of contents\"><i aria-hidden=\"true\" class=\"fas fa-chevron-up\"><\/i><\/div>\n\t\t\t\t\t<\/div>\n\t\t\t\t<div id=\"elementor-toc__c1f5230\" class=\"elementor-toc__body\">\n\t\t\t<div class=\"elementor-toc__spinner-container\">\n\t\t\t\t<i class=\"elementor-toc__spinner eicon-animation-spin eicon-loading\" aria-hidden=\"true\"><\/i>\t\t\t<\/div>\n\t\t<\/div>\n\t\t\t\t\t\t<\/div>\n\t\t\t\t<\/div>\n\t\t\t\t<div class=\"elementor-element elementor-element-cf754e2 elementor-widget elementor-widget-text-editor\" data-id=\"cf754e2\" data-element_type=\"widget\" data-widget_type=\"text-editor.default\">\n\t\t\t\t<div class=\"elementor-widget-container\">\n\t\t\t\t\t\t\t\t\t<p>Harmful substances found on the earth&#8217;s surface can lead to serious problems throughout the local ecosystem. Find out how pollution assessment is carried out, why it is important and why it is worth entrusting it to professionals.<\/p>\n\t\t\t\t\t\t\t\t<\/div>\n\t\t\t\t<\/div>\n\t\t\t\t<div class=\"elementor-element elementor-element-34e977ae elementor-widget elementor-widget-heading\" data-id=\"34e977ae\" data-element_type=\"widget\" data-widget_type=\"heading.default\">\n\t\t\t\t<div class=\"elementor-widget-container\">\n\t\t\t\t\t<h2 class=\"elementor-heading-title elementor-size-default\">What is Earth Surface Pollution?\n<\/h2>\t\t\t\t<\/div>\n\t\t\t\t<\/div>\n\t\t\t\t<div class=\"elementor-element elementor-element-14a0bc3e elementor-widget elementor-widget-text-editor\" data-id=\"14a0bc3e\" data-element_type=\"widget\" data-widget_type=\"text-editor.default\">\n\t\t\t\t<div class=\"elementor-widget-container\">\n\t\t\t\t\t\t\t\t\t<p>Pollution of the earth&#8217;s surface means exceeding the permissible amounts of substances that are found in the soil and may pose a risk to the environment. This applies to compounds and substances that are not of natural origin but are produced artificially<\/p>\n<p>Therefore, the greatest risk of contamination of the earth&#8217;s surface occurs, among others, in the areas of industrial plants, gas stations, waste landfills and agricultural areas, as a result of inappropriate supply of artificial fertilizers. Areas of soil and ground contamination also occur in areas with a high level of urbanization.<\/p>\n\t\t\t\t\t\t\t\t<\/div>\n\t\t\t\t<\/div>\n\t\t\t\t<div class=\"elementor-element elementor-element-46c7ce85 elementor-widget elementor-widget-eco_image\" data-id=\"46c7ce85\" data-element_type=\"widget\" data-widget_type=\"eco_image.default\">\n\t\t\t\t<div class=\"elementor-widget-container\">\n\t\t\t\t\t            <div class=\"eco-image-wrapper \">\n                <div class=\"eco-image\">\n                    <img fetchpriority=\"high\" decoding=\"async\" width=\"2000\" height=\"1414\" src=\"https:\/\/r2eko.com\/wp-content\/uploads\/2023\/10\/ocena-zanieczszczenia-1.png\" class=\"attachment-full size-full wp-image-5482\" alt=\"\" srcset=\"https:\/\/r2eko.com\/wp-content\/uploads\/2023\/10\/ocena-zanieczszczenia-1.png 2000w, https:\/\/r2eko.com\/wp-content\/uploads\/2023\/10\/ocena-zanieczszczenia-1-600x424.png 600w, https:\/\/r2eko.com\/wp-content\/uploads\/2023\/10\/ocena-zanieczszczenia-1-300x212.png 300w, https:\/\/r2eko.com\/wp-content\/uploads\/2023\/10\/ocena-zanieczszczenia-1-1024x724.png 1024w, https:\/\/r2eko.com\/wp-content\/uploads\/2023\/10\/ocena-zanieczszczenia-1-768x543.png 768w, https:\/\/r2eko.com\/wp-content\/uploads\/2023\/10\/ocena-zanieczszczenia-1-1536x1086.png 1536w\" sizes=\"(max-width: 2000px) 100vw, 2000px\" \/>                <\/div>\n            <\/div>\n        \t\t\t\t<\/div>\n\t\t\t\t<\/div>\n\t\t\t\t<div class=\"elementor-element elementor-element-dbf91c0 elementor-widget elementor-widget-heading\" data-id=\"dbf91c0\" data-element_type=\"widget\" data-widget_type=\"heading.default\">\n\t\t\t\t<div class=\"elementor-widget-container\">\n\t\t\t\t\t<h2 class=\"elementor-heading-title elementor-size-default\">Why is pollution assessment important?<\/h2>\t\t\t\t<\/div>\n\t\t\t\t<\/div>\n\t\t\t\t<div class=\"elementor-element elementor-element-7be33bc elementor-widget elementor-widget-text-editor\" data-id=\"7be33bc\" data-element_type=\"widget\" data-widget_type=\"text-editor.default\">\n\t\t\t\t<div class=\"elementor-widget-container\">\n\t\t\t\t\t\t\t\t\t<p>Pollution of the earth&#8217;s surface can result in many serious environmental problems It poses a threat to soil, groundwater, animals and plants, i.e. the entire local ecosystem. In order to protect the environment, preventive measures should be taken and pollution should be eliminated if it occurs.<\/p>\n<p>Earth surface pollution is particularly dangerous for agriculture and the food industry. Plants grown in contaminated soil take on its properties, which is why food produced from them may contain harmful substances that are dangerous to the health of people and animals that eat them.<\/p>\n\t\t\t\t\t\t\t\t<\/div>\n\t\t\t\t<\/div>\n\t\t\t\t<div class=\"elementor-element elementor-element-3089ce9 elementor-widget elementor-widget-heading\" data-id=\"3089ce9\" data-element_type=\"widget\" data-widget_type=\"heading.default\">\n\t\t\t\t<div class=\"elementor-widget-container\">\n\t\t\t\t\t<h2 class=\"elementor-heading-title elementor-size-default\">How is earth surface pollution tested?\n<\/h2>\t\t\t\t<\/div>\n\t\t\t\t<\/div>\n\t\t\t\t<div class=\"elementor-element elementor-element-401dc00 elementor-widget elementor-widget-text-editor\" data-id=\"401dc00\" data-element_type=\"widget\" data-widget_type=\"text-editor.default\">\n\t\t\t\t<div class=\"elementor-widget-container\">\n\t\t\t\t\t\t\t\t\t<p>To measure the level of contamination of the earth&#8217;s surface, you need to take a soil sample from a given area and then send it to an accredited laboratory that will perform the necessary tests. Indicators showing the content of environmentally hazardous substances in the soil are of key importance for determining the degree of pollution.<\/p>\n<p>The methodology for collecting and testing soil samples is specified in the Regulation of the Minister of the Environment on the method of assessing land surface pollution. It contains guidelines for performing analyzes and a list of substances causing risk of harm to the environment. <\/p>\n<p>The regulation also specifies their permissible content in the soil. Thanks to the sample test results, as well as information collected from the field and archival data, a complete and reliable assessment of earth surface pollution is made.<\/p>\n\t\t\t\t\t\t\t\t<\/div>\n\t\t\t\t<\/div>\n\t\t\t\t<div class=\"elementor-element elementor-element-6a84a655 elementor-widget elementor-widget-image\" data-id=\"6a84a655\" data-element_type=\"widget\" data-widget_type=\"image.default\">\n\t\t\t\t<div class=\"elementor-widget-container\">\n\t\t\t\t\t\t\t\t\t\t\t\t\t\t\t<img decoding=\"async\" width=\"1024\" height=\"724\" src=\"https:\/\/r2eko.com\/wp-content\/uploads\/2023\/10\/ocena-zanieczyszczenia-3-1024x724.png\" class=\"attachment-large size-large wp-image-5483\" alt=\"\" srcset=\"https:\/\/r2eko.com\/wp-content\/uploads\/2023\/10\/ocena-zanieczyszczenia-3-1024x724.png 1024w, https:\/\/r2eko.com\/wp-content\/uploads\/2023\/10\/ocena-zanieczyszczenia-3-600x424.png 600w, https:\/\/r2eko.com\/wp-content\/uploads\/2023\/10\/ocena-zanieczyszczenia-3-300x212.png 300w, https:\/\/r2eko.com\/wp-content\/uploads\/2023\/10\/ocena-zanieczyszczenia-3-768x543.png 768w, https:\/\/r2eko.com\/wp-content\/uploads\/2023\/10\/ocena-zanieczyszczenia-3-1536x1086.png 1536w, https:\/\/r2eko.com\/wp-content\/uploads\/2023\/10\/ocena-zanieczyszczenia-3.png 2000w\" sizes=\"(max-width: 1024px) 100vw, 1024px\" \/>\t\t\t\t\t\t\t\t\t\t\t\t\t\t\t<\/div>\n\t\t\t\t<\/div>\n\t\t\t\t<div class=\"elementor-element elementor-element-6c5e6c78 elementor-widget elementor-widget-heading\" data-id=\"6c5e6c78\" data-element_type=\"widget\" data-widget_type=\"heading.default\">\n\t\t\t\t<div class=\"elementor-widget-container\">\n\t\t\t\t\t<h2 class=\"elementor-heading-title elementor-size-default\">Ways to deal with pollution\n<\/h2>\t\t\t\t<\/div>\n\t\t\t\t<\/div>\n\t\t\t\t<div class=\"elementor-element elementor-element-78db891c elementor-widget elementor-widget-text-editor\" data-id=\"78db891c\" data-element_type=\"widget\" data-widget_type=\"text-editor.default\">\n\t\t\t\t<div class=\"elementor-widget-container\">\n\t\t\t\t\t\t\t\t\t<p>Pollution of the earth&#8217;s surface can be a serious problem, but environmental protection specialists know many ways to deal with this phenomenon.<\/p>\n<p>In order to improve the condition of the earth&#8217;s surface, experts recommend using specific reclamation and sanitation techniques. Thanks to the implementation of this type of solutions, the damaged soil regains its useful value and its physical and chemical properties are restored to normal. <\/p>\n<p>Improving the quality of land is also possible by developing the area in a way that will help rebuild natural biodiversity. In this way, we can reconstruct the correct soil structure, which will have a positive impact on the condition of the ecosystem.<\/p>\n<p>Preventing further contamination is also key. A thorough analysis and detailed assessment of contamination allows us to diagnose its cause and solve the problem at the source so that it does not occur again in the future. <\/p>\n\t\t\t\t\t\t\t\t<\/div>\n\t\t\t\t<\/div>\n\t\t\t\t<div class=\"elementor-element elementor-element-77c4c17 elementor-widget elementor-widget-heading\" data-id=\"77c4c17\" data-element_type=\"widget\" data-widget_type=\"heading.default\">\n\t\t\t\t<div class=\"elementor-widget-container\">\n\t\t\t\t\t<h2 class=\"elementor-heading-title elementor-size-default\">Services we offer at r2eko\n<\/h2>\t\t\t\t<\/div>\n\t\t\t\t<\/div>\n\t\t\t\t<div class=\"elementor-element elementor-element-504f163d elementor-widget elementor-widget-text-editor\" data-id=\"504f163d\" data-element_type=\"widget\" data-widget_type=\"text-editor.default\">\n\t\t\t\t<div class=\"elementor-widget-container\">\n\t\t\t\t\t\t\t\t\t<p>Services related to earth surface pollution that you will find in our offer include basic pollution analysis, detailed pollution assessment with recommendations, but also monitoring and long-term customer service.<\/p>\n<p>At r2eko, we will do everything necessary to ensure that your company meets environmental standards. We will reliably examine the level of land surface pollution at the plant, assess the scale of the phenomenon and provide you with detailed recommendations to solve this problem. <\/p>\n<p>Our services are performed by a group of specialists who, thanks to many years of experience, know exactly how to support your company in the field of environmental protection Trust the experts and commission us to analyze earth surface pollution.<\/p>\n\t\t\t\t\t\t\t\t<\/div>\n\t\t\t\t<\/div>\n\t\t\t\t<div class=\"elementor-element elementor-element-39aa7dc elementor-hidden-widescreen elementor-hidden-desktop elementor-hidden-laptop elementor-hidden-tablet_extra elementor-hidden-tablet elementor-hidden-mobile_extra elementor-hidden-mobile elementor-widget elementor-widget-global elementor-global-6189 elementor-widget-ecofinecore_button\" data-id=\"39aa7dc\" data-element_type=\"widget\" data-widget_type=\"ecofinecore_button.default\">\n\t\t\t\t<div class=\"elementor-widget-container\">\n\t\t\t\t\t        <div class=\"theme-button button\">\n            <a href=\"#formularz\" target=\"_blank\" rel=\"nofollow\" class=\"theme-btns\"><span>Um\u00f3w si\u0119 na bezp\u0142atn\u0105 konsultacj\u0119<i class=\"fas fa-angle-double-right\"><\/i> <\/span><\/a>\n        <\/div>\n        \t\t\t\t<\/div>\n\t\t\t\t<\/div>\n\t\t\t\t\t<\/div>\n\t\t<\/div>\n\t\t\t\t<div class=\"elementor-column elementor-col-50 elementor-top-column elementor-element elementor-element-3a4e1321\" data-id=\"3a4e1321\" data-element_type=\"column\" data-settings=\"{&quot;background_background&quot;:&quot;classic&quot;}\">\n\t\t\t<div class=\"elementor-widget-wrap elementor-element-populated\">\n\t\t\t\t\t\t<div class=\"elementor-element elementor-element-58cc640 content elementor-hidden-tablet elementor-hidden-mobile elementor-widget__width-initial elementor-toc--minimized-on-tablet elementor-widget elementor-widget-global elementor-global-6093 elementor-widget-table-of-contents\" data-id=\"58cc640\" data-element_type=\"widget\" data-settings=\"{&quot;headings_by_tags&quot;:[&quot;h2&quot;],&quot;exclude_headings_by_selector&quot;:&quot;h2.about-title, h2.faq1, h2.accordion-header&quot;,&quot;no_headings_message&quot;:&quot;No headings were found on this page.&quot;,&quot;marker_view&quot;:&quot;numbers&quot;,&quot;minimize_box&quot;:&quot;yes&quot;,&quot;minimized_on&quot;:&quot;tablet&quot;,&quot;hierarchical_view&quot;:&quot;yes&quot;,&quot;min_height&quot;:{&quot;unit&quot;:&quot;px&quot;,&quot;size&quot;:&quot;&quot;,&quot;sizes&quot;:[]},&quot;min_height_widescreen&quot;:{&quot;unit&quot;:&quot;px&quot;,&quot;size&quot;:&quot;&quot;,&quot;sizes&quot;:[]},&quot;min_height_laptop&quot;:{&quot;unit&quot;:&quot;px&quot;,&quot;size&quot;:&quot;&quot;,&quot;sizes&quot;:[]},&quot;min_height_tablet_extra&quot;:{&quot;unit&quot;:&quot;px&quot;,&quot;size&quot;:&quot;&quot;,&quot;sizes&quot;:[]},&quot;min_height_tablet&quot;:{&quot;unit&quot;:&quot;px&quot;,&quot;size&quot;:&quot;&quot;,&quot;sizes&quot;:[]},&quot;min_height_mobile_extra&quot;:{&quot;unit&quot;:&quot;px&quot;,&quot;size&quot;:&quot;&quot;,&quot;sizes&quot;:[]},&quot;min_height_mobile&quot;:{&quot;unit&quot;:&quot;px&quot;,&quot;size&quot;:&quot;&quot;,&quot;sizes&quot;:[]}}\" data-widget_type=\"table-of-contents.default\">\n\t\t\t\t<div class=\"elementor-widget-container\">\n\t\t\t\t\t\t\t\t\t<div class=\"elementor-toc__header\">\n\t\t\t\t\t\t\t\t\t\t<div class=\"elementor-toc__toggle-button elementor-toc__toggle-button--expand\" role=\"button\" tabindex=\"0\" aria-controls=\"elementor-toc__58cc640\" aria-expanded=\"true\" aria-label=\"Open table of contents\"><i aria-hidden=\"true\" class=\"fas fa-chevron-down\"><\/i><\/div>\n\t\t\t\t<div class=\"elementor-toc__toggle-button elementor-toc__toggle-button--collapse\" role=\"button\" tabindex=\"0\" aria-controls=\"elementor-toc__58cc640\" aria-expanded=\"true\" aria-label=\"Close table of contents\"><i aria-hidden=\"true\" class=\"fas fa-chevron-up\"><\/i><\/div>\n\t\t\t\t\t<\/div>\n\t\t\t\t<div id=\"elementor-toc__58cc640\" class=\"elementor-toc__body\">\n\t\t\t<div class=\"elementor-toc__spinner-container\">\n\t\t\t\t<i class=\"elementor-toc__spinner eicon-animation-spin eicon-loading\" aria-hidden=\"true\"><\/i>\t\t\t<\/div>\n\t\t<\/div>\n\t\t\t\t\t\t<\/div>\n\t\t\t\t<\/div>\n\t\t\t\t<div class=\"elementor-element elementor-element-8a4a909 elementor-widget-tablet_extra__width-initial elementor-widget elementor-widget-global elementor-global-11945 elementor-global-6090 elementor-widget-eco_call_addons\" data-id=\"8a4a909\" data-element_type=\"widget\" data-settings=\"{&quot;sticky_offset&quot;:20,&quot;sticky&quot;:&quot;top&quot;,&quot;sticky_parent&quot;:&quot;yes&quot;,&quot;sticky_on&quot;:[&quot;widescreen&quot;,&quot;desktop&quot;,&quot;laptop&quot;,&quot;tablet_extra&quot;,&quot;tablet&quot;,&quot;mobile_extra&quot;,&quot;mobile&quot;],&quot;sticky_effects_offset&quot;:0,&quot;sticky_anchor_link_offset&quot;:0}\" data-widget_type=\"eco_call_addons.default\">\n\t\t\t\t<div class=\"elementor-widget-container\">\n\t\t\t\t\t        <div class=\"eco-call-addons-wrapper\">\n            <div class=\"eco-call-info-item\"  style=\"background-image:url( https:\/\/r2eko.com\/wp-content\/uploads\/2023\/04\/sd.jpg ) \">\n                                    <div class=\"eco-call-icon\">\n                        <i aria-hidden=\"true\" class=\"bi bi-telephone-fill\"><\/i>                    <\/div>\n                                <div class=\"eco-contact-content\">\n                                                                <div class=\"eco-call-dec\"><p><a href=\"tel:+48 537 561 303\"><span style=\"color: #ffffff;font-size: 20px\"><b>+48 537 561 303<\/b><\/span><\/a><\/p><\/div>\n                                    <\/div>\n            <\/div>\n        <\/div>\n        \t\t\t\t<\/div>\n\t\t\t\t<\/div>\n\t\t\t\t\t<\/div>\n\t\t<\/div>\n\t\t\t\t\t<\/div>\n\t\t<\/section>\n\t\t\t\t<\/div>\n\t\t","protected":false},"excerpt":{"rendered":"<p>On this page you will learn: Harmful substances found on the earth&#8217;s surface can lead to serious problems throughout the local ecosystem. Find out how pollution assessment is carried out, why it is important and why it is worth entrusting it to professionals. What is Earth Surface Pollution? Pollution of the earth&#8217;s surface means exceeding [&hellip;]<\/p>\n","protected":false},"author":4,"featured_media":0,"parent":0,"menu_order":0,"comment_status":"closed","ping_status":"closed","template":"","meta":{"om_disable_all_campaigns":false,"inline_featured_image":false,"_monsterinsights_skip_tracking":false,"_monsterinsights_sitenote_active":false,"_monsterinsights_sitenote_note":"","_monsterinsights_sitenote_category":0,"footnotes":""},"class_list":["post-11696","page","type-page","status-publish","hentry"],"aioseo_notices":[],"_links":{"self":[{"href":"https:\/\/r2eko.com\/en\/wp-json\/wp\/v2\/pages\/11696","targetHints":{"allow":["GET"]}}],"collection":[{"href":"https:\/\/r2eko.com\/en\/wp-json\/wp\/v2\/pages"}],"about":[{"href":"https:\/\/r2eko.com\/en\/wp-json\/wp\/v2\/types\/page"}],"author":[{"embeddable":true,"href":"https:\/\/r2eko.com\/en\/wp-json\/wp\/v2\/users\/4"}],"replies":[{"embeddable":true,"href":"https:\/\/r2eko.com\/en\/wp-json\/wp\/v2\/comments?post=11696"}],"version-history":[{"count":1,"href":"https:\/\/r2eko.com\/en\/wp-json\/wp\/v2\/pages\/11696\/revisions"}],"predecessor-version":[{"id":11698,"href":"https:\/\/r2eko.com\/en\/wp-json\/wp\/v2\/pages\/11696\/revisions\/11698"}],"wp:attachment":[{"href":"https:\/\/r2eko.com\/en\/wp-json\/wp\/v2\/media?parent=11696"}],"curies":[{"name":"wp","href":"https:\/\/api.w.org\/{rel}","templated":true}]}}