{"id":12310,"date":"2025-02-12T14:09:55","date_gmt":"2025-02-12T14:09:55","guid":{"rendered":"https:\/\/r2eko.com\/%d8%a7%d9%84%d8%af%d8%b9%d9%85-%d9%81%d9%8a-%d8%aa%d8%b7%d9%88%d9%8a%d8%b1-%d8%b7%d8%b1%d9%82-%d8%aa%d8%ad%d9%81%d9%8a%d8%b2-%d9%85%d8%b3%d8%aa%d9%87%d9%84%d9%83%d9%8a-%d8%a7%d9%84%d8%ae%d8%af%d9%85\/"},"modified":"2025-02-12T14:17:46","modified_gmt":"2025-02-12T14:17:46","slug":"%d8%a7%d9%84%d8%af%d8%b9%d9%85-%d9%81%d9%8a-%d8%aa%d8%b7%d9%88%d9%8a%d8%b1-%d8%b7%d8%b1%d9%82-%d8%aa%d8%ad%d9%81%d9%8a%d8%b2-%d9%85%d8%b3%d8%aa%d9%87%d9%84%d9%83%d9%8a-%d8%a7%d9%84%d8%ae%d8%af%d9%85","status":"publish","type":"page","link":"https:\/\/r2eko.com\/ar\/%d8%a7%d9%84%d8%af%d8%b9%d9%85-%d9%81%d9%8a-%d8%aa%d8%b7%d9%88%d9%8a%d8%b1-%d8%b7%d8%b1%d9%82-%d8%aa%d8%ad%d9%81%d9%8a%d8%b2-%d9%85%d8%b3%d8%aa%d9%87%d9%84%d9%83%d9%8a-%d8%a7%d9%84%d8%ae%d8%af%d9%85\/","title":{"rendered":"\u0627\u0644\u062f\u0639\u0645 \u0641\u064a \u062a\u0637\u0648\u064a\u0631 \u0637\u0631\u0642 \u062a\u062d\u0641\u064a\u0632 \u0645\u0633\u062a\u0647\u0644\u0643\u064a \u0627\u0644\u062e\u062f\u0645\u0627\u062a \u0644\u0627\u0633\u062a\u062e\u062f\u0627\u0645 \u0627\u0644\u0645\u064a\u0627\u0647 \u0628\u0634\u0643\u0644 \u0639\u0642\u0644\u0627\u0646\u064a \u0648\u062a\u0642\u0644\u064a\u0644 \u062a\u0644\u0648\u062b \u0645\u064a\u0627\u0647 \u0627\u0644\u0635\u0631\u0641 \u0627\u0644\u0635\u062d\u064a"},"content":{"rendered":"\t\t<div data-elementor-type=\"wp-page\" data-elementor-id=\"12310\" class=\"elementor elementor-12310 elementor-12303\" data-elementor-post-type=\"page\">\n\t\t\t\t\t\t<section class=\"elementor-section elementor-top-section elementor-element elementor-element-8739165 elementor-section-full_width elementor-section-height-default elementor-section-height-default\" data-id=\"8739165\" data-element_type=\"section\">\n\t\t\t\t\t\t<div class=\"elementor-container elementor-column-gap-wide\">\n\t\t\t\t\t<div class=\"elementor-column elementor-col-50 elementor-top-column elementor-element elementor-element-87c7c1c\" data-id=\"87c7c1c\" data-element_type=\"column\">\n\t\t\t<div class=\"elementor-widget-wrap elementor-element-populated\">\n\t\t\t\t\t\t<div class=\"elementor-element elementor-element-232bba4 content elementor-hidden-desktop elementor-hidden-widescreen elementor-hidden-laptop elementor-hidden-tablet_extra elementor-hidden-mobile_extra elementor-toc--minimized-on-tablet elementor-widget elementor-widget-global elementor-global-7117 elementor-widget-table-of-contents\" data-id=\"232bba4\" data-element_type=\"widget\" data-settings=\"{&quot;headings_by_tags&quot;:[&quot;h2&quot;],&quot;exclude_headings_by_selector&quot;:&quot;h2.about-title, h2.faq1, h2.accordion-header&quot;,&quot;no_headings_message&quot;:&quot;No headings were found on this page.&quot;,&quot;marker_view&quot;:&quot;numbers&quot;,&quot;minimize_box&quot;:&quot;yes&quot;,&quot;minimized_on&quot;:&quot;tablet&quot;,&quot;hierarchical_view&quot;:&quot;yes&quot;,&quot;min_height&quot;:{&quot;unit&quot;:&quot;px&quot;,&quot;size&quot;:&quot;&quot;,&quot;sizes&quot;:[]},&quot;min_height_widescreen&quot;:{&quot;unit&quot;:&quot;px&quot;,&quot;size&quot;:&quot;&quot;,&quot;sizes&quot;:[]},&quot;min_height_laptop&quot;:{&quot;unit&quot;:&quot;px&quot;,&quot;size&quot;:&quot;&quot;,&quot;sizes&quot;:[]},&quot;min_height_tablet_extra&quot;:{&quot;unit&quot;:&quot;px&quot;,&quot;size&quot;:&quot;&quot;,&quot;sizes&quot;:[]},&quot;min_height_tablet&quot;:{&quot;unit&quot;:&quot;px&quot;,&quot;size&quot;:&quot;&quot;,&quot;sizes&quot;:[]},&quot;min_height_mobile_extra&quot;:{&quot;unit&quot;:&quot;px&quot;,&quot;size&quot;:&quot;&quot;,&quot;sizes&quot;:[]},&quot;min_height_mobile&quot;:{&quot;unit&quot;:&quot;px&quot;,&quot;size&quot;:&quot;&quot;,&quot;sizes&quot;:[]}}\" data-widget_type=\"table-of-contents.default\">\n\t\t\t\t<div class=\"elementor-widget-container\">\n\t\t\t\t\t\t\t\t\t<div class=\"elementor-toc__header\">\n\t\t\t\t\t\t<h3 class=\"elementor-toc__header-title\">\n\t\t\t\tOn this page you will learn:\t\t\t<\/h3>\n\t\t\t\t\t\t\t\t\t\t<div class=\"elementor-toc__toggle-button elementor-toc__toggle-button--expand\" role=\"button\" tabindex=\"0\" aria-controls=\"elementor-toc__232bba4\" aria-expanded=\"true\" aria-label=\"Open table of contents\"><i aria-hidden=\"true\" class=\"fas fa-chevron-down\"><\/i><\/div>\n\t\t\t\t<div class=\"elementor-toc__toggle-button elementor-toc__toggle-button--collapse\" role=\"button\" tabindex=\"0\" aria-controls=\"elementor-toc__232bba4\" aria-expanded=\"true\" aria-label=\"Close table of contents\"><i aria-hidden=\"true\" class=\"fas fa-chevron-up\"><\/i><\/div>\n\t\t\t\t\t<\/div>\n\t\t\t\t<div id=\"elementor-toc__232bba4\" class=\"elementor-toc__body\">\n\t\t\t<div class=\"elementor-toc__spinner-container\">\n\t\t\t\t<i class=\"elementor-toc__spinner eicon-animation-spin eicon-loading\" aria-hidden=\"true\"><\/i>\t\t\t<\/div>\n\t\t<\/div>\n\t\t\t\t\t\t<\/div>\n\t\t\t\t<\/div>\n\t\t\t\t<div class=\"elementor-element elementor-element-73de97a elementor-widget elementor-widget-text-editor\" data-id=\"73de97a\" data-element_type=\"widget\" data-widget_type=\"text-editor.default\">\n\t\t\t\t<div class=\"elementor-widget-container\">\n\t\t\t\t\t\t\t\t\t<p align=\"justify\"><span style=\"font-size: medium;\">\u0647\u0644 \u062a\u0644\u0628\u064a \u0634\u0631\u0643\u062a\u0643\u0645 \u0627\u0644\u062e\u0627\u0635\u0629 \u0628\u062a\u0648\u0632\u064a\u0639 \u0627\u0644\u0645\u064a\u0627\u0647 \u0648\u0627\u0644\u0635\u0631\u0641 \u0627\u0644\u0635\u062d\u064a \u0627\u0644\u0645\u062a\u0637\u0644\u0628\u0627\u062a \u0627\u0644\u0645\u062a\u0639\u0644\u0642\u0629 \u0628\u062a\u062d\u0641\u064a\u0632 \u0645\u0633\u062a\u0647\u0644\u0643\u064a \u0627\u0644\u062e\u062f\u0645\u0627\u062a \u0639\u0644\u0649 \u062a\u0648\u0641\u064a\u0631 \u0627\u0644\u0645\u064a\u0627\u0647 \u0648\u062a\u0642\u0644\u064a\u0644 \u062a\u0644\u0648\u062b \u0645\u064a\u0627\u0647 \u0627\u0644\u0635\u0631\u0641 \u0627\u0644\u0635\u062d\u064a\u061f \u0625\u0630\u0627 \u0643\u0627\u0646\u062a \u0644\u062f\u064a\u0643\u0645 \u0634\u0643\u0648\u0643\u060c \u064a\u0645\u0643\u0646 \u0644\u062e\u0628\u0631\u0627\u0621 r\u00b2eko \u0645\u0633\u0627\u0639\u062f\u062a\u0643\u0645 \u0641\u064a \u062a\u0637\u0648\u064a\u0631 \u062d\u0644\u0648\u0644 \u0641\u0639\u0627\u0644\u0629 \u062a\u062a\u0646\u0627\u0633\u0628 \u0645\u0639 \u0627\u0644\u0645\u062a\u0637\u0644\u0628\u0627\u062a \u0627\u0644\u0642\u0627\u0646\u0648\u0646\u064a\u0629 \u0648\u062e\u0635\u0648\u0635\u064a\u0629 \u0646\u0634\u0627\u0637 \u0634\u0631\u0643\u062a\u0643\u0645. <\/span><\/p>\n\t\t\t\t\t\t\t\t<\/div>\n\t\t\t\t<\/div>\n\t\t\t\t<div class=\"elementor-element elementor-element-f6c7674 elementor-widget elementor-widget-heading\" data-id=\"f6c7674\" data-element_type=\"widget\" data-widget_type=\"heading.default\">\n\t\t\t\t<div class=\"elementor-widget-container\">\n\t\t\t\t\t<h2 class=\"elementor-heading-title elementor-size-default\">\u0644\u0645\u0627\u0630\u0627 \u0647\u0630\u0627 \u0645\u0647\u0645\u061f<\/h2>\t\t\t\t<\/div>\n\t\t\t\t<\/div>\n\t\t\t\t<div class=\"elementor-element elementor-element-fd5b96f elementor-widget elementor-widget-text-editor\" data-id=\"fd5b96f\" data-element_type=\"widget\" data-widget_type=\"text-editor.default\">\n\t\t\t\t<div class=\"elementor-widget-container\">\n\t\t\t\t\t\t\t\t\t<p align=\"justify\"><span style=\"font-size: medium;\">\u0648\u0641\u0642\u064b\u0627 \u0644\u0644\u0628\u0646\u062f 3 \u0627\u0644\u0641\u0642\u0631\u0629 1 \u0645\u0646 \u0627\u0644\u0644\u0627\u0626\u062d\u0629 \u0627\u0644\u0645\u062a\u0639\u0644\u0642\u0629 \u0628\u0627\u0644\u062a\u0639\u0631\u064a\u0641\u0627\u062a (\u0627\u0644\u0644\u0627\u0626\u062d\u0629 \u0627\u0644\u0635\u0627\u062f\u0631\u0629 \u0639\u0646 \u0648\u0632\u064a\u0631 \u0627\u0644\u0627\u0642\u062a\u0635\u0627\u062f \u0627\u0644\u0628\u062d\u0631\u064a \u0648\u0627\u0644\u0645\u0644\u0627\u062d\u0629 \u0627\u0644\u062f\u0627\u062e\u0644\u064a\u0629 \u0628\u062a\u0627\u0631\u064a\u062e 27 \u0641\u0628\u0631\u0627\u064a\u0631 2018)\u060c \u064a\u064f\u0637\u0644\u0628 \u0645\u0646 \u0634\u0631\u0643\u0627\u062a \u062a\u0648\u0632\u064a\u0639 \u0627\u0644\u0645\u064a\u0627\u0647 \u0648\u0627\u0644\u0635\u0631\u0641 \u0627\u0644\u0635\u062d\u064a \u062a\u0637\u0648\u064a\u0631 \u0637\u0631\u0642 \u0644\u062a\u062d\u0641\u064a\u0632 \u0645\u0633\u062a\u0647\u0644\u0643\u064a \u0627\u0644\u062e\u062f\u0645\u0627\u062a \u0639\u0644\u0649 \u0627\u0633\u062a\u062e\u062f\u0627\u0645 \u0627\u0644\u0645\u064a\u0627\u0647 \u0628\u0634\u0643\u0644 \u0639\u0642\u0644\u0627\u0646\u064a \u0648\u062a\u0642\u0644\u064a\u0644 \u062a\u0644\u0648\u062b \u0645\u064a\u0627\u0647 \u0627\u0644\u0635\u0631\u0641 \u0627\u0644\u0635\u062d\u064a.<\/span><\/p>\n<p align=\"justify\"><span style=\"font-size: medium;\">\u0628\u0627\u0644\u0625\u0636\u0627\u0641\u0629 \u0625\u0644\u0649 \u0630\u0644\u0643\u060c \u0627\u0644\u0628\u0646\u062f 13 \u0627\u0644\u0641\u0642\u0631\u0629 2 \u0627\u0644\u0646\u0642\u0637\u0629 2 \u0645\u0646 \u0646\u0641\u0633 \u0627\u0644\u0644\u0627\u0626\u062d\u0629 \u064a\u0644\u0632\u0645 \u0628\u0627\u0644\u062a\u0641\u0631\u064a\u0642 \u0628\u064a\u0646 \u0627\u0644\u0623\u0633\u0639\u0627\u0631 \u0648\u0627\u0644\u0631\u0633\u0648\u0645 \u0628\u0637\u0631\u064a\u0642\u0629 \u062a\u0634\u062c\u0639 \u0628\u0641\u0639\u0627\u0644\u064a\u0629 \u0639\u0644\u0649 \u062a\u0648\u0641\u064a\u0631 \u0627\u0644\u0645\u064a\u0627\u0647 \u0648\u062a\u0642\u0644\u064a\u0644 \u0623\u062d\u0645\u0627\u0644 \u0627\u0644\u062a\u0644\u0648\u062b. <\/span><\/p>\n<p align=\"justify\"><span style=\"font-size: medium;\">\u0644\u0642\u062f \u0623\u0634\u0627\u0631\u062a \u0627\u0644\u0645\u062d\u0643\u0645\u0629 \u0627\u0644\u0639\u0644\u064a\u0627 \u0644\u0644\u0645\u0631\u0627\u0642\u0628\u0629 (NIK) \u0625\u0644\u0649 \u0647\u0630\u0647 \u0627\u0644\u0645\u0634\u0643\u0644\u0629 \u0641\u064a \u062a\u0642\u0631\u064a\u0631\u0647\u0627 &#8220;\u0625\u062f\u0627\u0631\u0629 \u0627\u0644\u0645\u0648\u0627\u0631\u062f \u0627\u0644\u0645\u0627\u0626\u064a\u0629 \u0645\u0646 \u0642\u0628\u0644 \u0634\u0631\u0643\u0627\u062a \u062a\u0648\u0632\u064a\u0639 \u0627\u0644\u0645\u064a\u0627\u0647 \u0641\u064a \u0627\u0644\u0628\u0644\u062f\u064a\u0627\u062a \u0627\u0644\u0631\u064a\u0641\u064a\u0629&#8221; (\u0631\u0642\u0645 \u0627\u0644\u0633\u062c\u0644 197\/2021\/P\/21\/102\/LZG). \u0648\u0623\u0638\u0647\u0631\u062a \u0627\u0644\u0631\u0642\u0627\u0628\u0629 \u0623\u0646 \u0646\u0642\u0635 \u0627\u0644\u0625\u0631\u0634\u0627\u062f\u0627\u062a \u0627\u0644\u0648\u0627\u0636\u062d\u0629 \u0641\u064a \u0647\u0630\u0627 \u0627\u0644\u0635\u062f\u062f \u0643\u0627\u0646 \u064a\u0645\u062b\u0644 \u062a\u062d\u062f\u064a\u064b\u0627 \u0643\u0628\u064a\u0631\u064b\u0627 \u0644\u0634\u0631\u0643\u0627\u062a \u0627\u0644\u0645\u064a\u0627\u0647 \u0648\u0627\u0644\u0635\u0631\u0641 \u0627\u0644\u0635\u062d\u064a\u060c \u0648\u062d\u062a\u0649 \u0627\u0644\u0622\u0646\u060c \u0644\u0645 \u064a\u062a\u0645 \u062a\u0637\u0648\u064a\u0631 \u0644\u0648\u0627\u0626\u062d \u0645\u0641\u0635\u0644\u0629 \u0631\u063a\u0645 \u0627\u0644\u0625\u0634\u0627\u0631\u0629 \u0645\u0646 NIK \u0644\u0647\u0630\u0647 \u0627\u0644\u062d\u0627\u062c\u0629. <\/span><\/p>\n\t\t\t\t\t\t\t\t<\/div>\n\t\t\t\t<\/div>\n\t\t\t\t<div class=\"elementor-element elementor-element-cbe2d38 elementor-widget elementor-widget-image\" data-id=\"cbe2d38\" data-element_type=\"widget\" data-widget_type=\"image.default\">\n\t\t\t\t<div class=\"elementor-widget-container\">\n\t\t\t\t\t\t\t\t\t\t\t\t\t\t\t<img fetchpriority=\"high\" decoding=\"async\" width=\"1024\" height=\"768\" src=\"https:\/\/r2eko.com\/wp-content\/uploads\/2025\/02\/image-22.jpg\" class=\"attachment-large size-large wp-image-12176\" alt=\"\" srcset=\"https:\/\/r2eko.com\/wp-content\/uploads\/2025\/02\/image-22.jpg 1024w, https:\/\/r2eko.com\/wp-content\/uploads\/2025\/02\/image-22-300x225.jpg 300w, https:\/\/r2eko.com\/wp-content\/uploads\/2025\/02\/image-22-768x576.jpg 768w, https:\/\/r2eko.com\/wp-content\/uploads\/2025\/02\/image-22-600x450.jpg 600w\" sizes=\"(max-width: 1024px) 100vw, 1024px\" \/>\t\t\t\t\t\t\t\t\t\t\t\t\t\t\t<\/div>\n\t\t\t\t<\/div>\n\t\t\t\t<div class=\"elementor-element elementor-element-7338408 elementor-widget elementor-widget-heading\" data-id=\"7338408\" data-element_type=\"widget\" data-widget_type=\"heading.default\">\n\t\t\t\t<div class=\"elementor-widget-container\">\n\t\t\t\t\t<h2 class=\"elementor-heading-title elementor-size-default\">\u0643\u064a\u0641 \u064a\u0645\u0643\u0646\u0646\u0627 \u0645\u0633\u0627\u0639\u062f\u062a\u0643\u061f<\/h2>\t\t\t\t<\/div>\n\t\t\t\t<\/div>\n\t\t\t\t<div class=\"elementor-element elementor-element-ebb420a elementor-widget__width-initial elementor-widget elementor-widget-text-editor\" data-id=\"ebb420a\" data-element_type=\"widget\" data-widget_type=\"text-editor.default\">\n\t\t\t\t<div class=\"elementor-widget-container\">\n\t\t\t\t\t\t\t\t\t<p align=\"justify\"><span style=\"font-size: medium;\">\u064a\u0642\u062f\u0645 \u062e\u0628\u0631\u0627\u0621 r\u00b2eko \u062f\u0639\u0645\u064b\u0627 \u0641\u064a \u062a\u0637\u0648\u064a\u0631 \u0637\u0631\u0642 \u062a\u062d\u0641\u064a\u0632 \u0641\u0639\u0627\u0644\u0629 \u0648\u0645\u0648\u062d\u062f\u0629 \u0645\u0646 \u062e\u0644\u0627\u0644:<\/span><\/p>\n<ul>\n<li>\n<p align=\"justify\"><span style=\"font-size: medium;\">\u062a\u062d\u0644\u064a\u0644 \u0648\u0627\u062e\u062a\u064a\u0627\u0631 \u0627\u0644\u0622\u0644\u064a\u0627\u062a \u0627\u0644\u062a\u062d\u0641\u064a\u0632\u064a\u0629 \u0644\u0627\u0633\u062a\u062e\u062f\u0627\u0645 \u0627\u0644\u0645\u064a\u0627\u0647 \u0628\u0634\u0643\u0644 \u0639\u0642\u0644\u0627\u0646\u064a\u060c<\/span><\/p>\n<\/li>\n<li>\n<p align=\"justify\"><span style=\"font-size: medium;\">\u062a\u0637\u0648\u064a\u0631 \u0623\u0633\u0627\u0644\u064a\u0628 \u0644\u062a\u062d\u0641\u064a\u0632 \u0627\u0644\u0645\u0633\u062a\u0647\u0644\u0643\u064a\u0646 \u0644\u062a\u0642\u0644\u064a\u0644 \u062a\u0644\u0648\u062b \u0645\u064a\u0627\u0647 \u0627\u0644\u0635\u0631\u0641 \u0627\u0644\u0635\u062d\u064a\u060c<\/span><\/p>\n<\/li>\n<li>\n<p align=\"justify\"><span style=\"font-size: medium;\">\u0641\u062d\u0635 \u0647\u064a\u0643\u0644 \u0627\u0644\u0631\u0633\u0648\u0645 \u0636\u0645\u0646 \u0627\u0644\u062a\u0639\u0631\u064a\u0641\u0629 \u0644\u0645\u0631\u0627\u0639\u0627\u0629 \u0627\u0644\u0645\u062a\u0637\u0644\u0628\u0627\u062a \u0627\u0644\u0642\u0627\u0646\u0648\u0646\u064a\u0629 \u0627\u0644\u062e\u0627\u0635\u0629 \u0628\u062a\u062d\u0641\u064a\u0632 \u0627\u0644\u0645\u0633\u062a\u062e\u062f\u0645\u064a\u0646.<\/span><\/p>\n<\/li>\n<\/ul>\n<p align=\"justify\"><span style=\"font-size: medium;\">\u062d\u0644\u0648\u0644\u0646\u0627 \u062a\u0623\u062e\u0630 \u0641\u064a \u0627\u0639\u062a\u0628\u0627\u0631\u0647\u0627 \u0627\u0644\u0646\u0645\u0627\u0630\u062c \u0627\u0644\u062c\u064a\u062f\u0629 \u0627\u0644\u062a\u064a \u062a\u064f\u0633\u062a\u062e\u062f\u0645 \u0641\u064a \u062f\u0648\u0644 \u0623\u062e\u0631\u0649 \u0648\u062a\u0643\u064a\u0641\u0647\u0627 \u0645\u0639 \u0627\u0644\u0638\u0631\u0648\u0641 \u0627\u0644\u0645\u062d\u0644\u064a\u0629.<\/span><\/p>\n\t\t\t\t\t\t\t\t<\/div>\n\t\t\t\t<\/div>\n\t\t\t\t<div class=\"elementor-element elementor-element-3a380d4 elementor-widget elementor-widget-image\" data-id=\"3a380d4\" data-element_type=\"widget\" data-widget_type=\"image.default\">\n\t\t\t\t<div class=\"elementor-widget-container\">\n\t\t\t\t\t\t\t\t\t\t\t\t\t\t\t<img decoding=\"async\" width=\"1024\" height=\"576\" src=\"https:\/\/r2eko.com\/wp-content\/uploads\/2025\/02\/page-1-1024x576.png\" class=\"attachment-large size-large wp-image-12160\" alt=\"\" srcset=\"https:\/\/r2eko.com\/wp-content\/uploads\/2025\/02\/page-1-1024x576.png 1024w, https:\/\/r2eko.com\/wp-content\/uploads\/2025\/02\/page-1-300x169.png 300w, https:\/\/r2eko.com\/wp-content\/uploads\/2025\/02\/page-1-768x432.png 768w, https:\/\/r2eko.com\/wp-content\/uploads\/2025\/02\/page-1-600x338.png 600w, https:\/\/r2eko.com\/wp-content\/uploads\/2025\/02\/page-1.png 1500w\" sizes=\"(max-width: 1024px) 100vw, 1024px\" \/>\t\t\t\t\t\t\t\t\t\t\t\t\t\t\t<\/div>\n\t\t\t\t<\/div>\n\t\t\t\t<div class=\"elementor-element elementor-element-9714408 elementor-widget elementor-widget-heading\" data-id=\"9714408\" data-element_type=\"widget\" data-widget_type=\"heading.default\">\n\t\t\t\t<div class=\"elementor-widget-container\">\n\t\t\t\t\t<h2 class=\"elementor-heading-title elementor-size-default\">\u0644\u0645\u0627\u0630\u0627 \u064a\u062c\u0628 \u0639\u0644\u064a\u0643 \u0627\u0644\u0627\u0633\u062a\u0641\u0627\u062f\u0629 \u0645\u0646 \u0645\u0633\u0627\u0639\u062f\u062a\u0646\u0627\u061f<\/h2>\t\t\t\t<\/div>\n\t\t\t\t<\/div>\n\t\t\t\t<div class=\"elementor-element elementor-element-3319293 elementor-widget elementor-widget-text-editor\" data-id=\"3319293\" data-element_type=\"widget\" data-widget_type=\"text-editor.default\">\n\t\t\t\t<div class=\"elementor-widget-container\">\n\t\t\t\t\t\t\t\t\t<ul>\n<li>\n<p align=\"justify\"><span style=\"font-size: medium;\">\u0627\u0644\u0627\u0645\u062a\u062b\u0627\u0644 \u0644\u0644\u062a\u0634\u0631\u064a\u0639\u0627\u062a \u2013 \u0646\u0633\u0627\u0639\u062f\u0643 \u0639\u0644\u0649 \u0627\u0644\u0648\u0641\u0627\u0621 \u0628\u0627\u0644\u0645\u062a\u0637\u0644\u0628\u0627\u062a \u0627\u0644\u0642\u0627\u0646\u0648\u0646\u064a\u0629 \u0627\u0644\u0645\u062a\u0639\u0644\u0642\u0629 \u0628\u062a\u0639\u0631\u064a\u0641\u0627\u062a \u0627\u0644\u062e\u062f\u0645\u0627\u062a \u0648\u0627\u0644\u062a\u062d\u0641\u064a\u0632.<\/span><\/p>\n<\/li>\n<li>\n<p align=\"justify\"><span style=\"font-size: medium;\">\u0646\u0647\u062c \u0641\u0631\u062f\u064a \u2013 \u0646\u0637\u0648\u0631 \u062d\u0644\u0648\u0644\u064b\u0627 \u0645\u062e\u0635\u0635\u0629 \u0644\u062e\u0635\u0648\u0635\u064a\u0629 \u0634\u0631\u0643\u062a\u0643.<\/span><\/p>\n<\/li>\n<li>\n<p align=\"justify\"><span style=\"font-size: medium;\">\u062a\u0642\u0644\u064a\u0644 \u0627\u0644\u0645\u062e\u0627\u0637\u0631 \u0627\u0644\u0642\u0627\u0646\u0648\u0646\u064a\u0629 \u2013 \u0646\u0642\u062f\u0645 \u062f\u0639\u0645\u064b\u0627 \u0641\u064a \u0625\u0639\u062f\u0627\u062f \u0627\u0644\u0648\u062b\u0627\u0626\u0642 \u0644\u062a\u062c\u0646\u0628 \u0627\u0644\u0645\u0634\u0627\u0643\u0644 \u0641\u064a \u0627\u0644\u0645\u0648\u0627\u0641\u0642\u0629 \u0639\u0644\u0649 \u0627\u0644\u062a\u0639\u0631\u064a\u0641\u0627\u062a \u0645\u0646 \u0642\u0628\u0644 Wody Polskie \u0627\u0644\u0645\u062a\u0639\u0644\u0642\u0629 \u0628\u0627\u0644\u062a\u062d\u0641\u064a\u0632.<\/span><\/p>\n<\/li>\n<\/ul>\n<p align=\"justify\"><span style=\"font-size: medium;\">\u0644\u0627 \u062a\u0646\u062a\u0638\u0631 \u0623\u0646 \u064a\u0635\u0628\u062d \u0647\u0630\u0627 \u0627\u0644\u0645\u0634\u0643\u0644\u0629 \u0639\u0627\u0626\u0642\u064b\u0627 \u0623\u0645\u0627\u0645 \u0634\u0631\u0643\u062a\u0643! \u0627\u062a\u0635\u0644 \u0628\u0640 r\u00b2eko \u0648\u0637\u0648\u0631 \u0637\u0631\u0642\u064b\u0627 \u0641\u0639\u0627\u0644\u0629 \u0644\u062a\u062d\u0641\u064a\u0632 \u0645\u0633\u062a\u0647\u0644\u0643\u064a \u0627\u0644\u062e\u062f\u0645\u0627\u062a \u0648\u0641\u0642\u064b\u0627 \u0644\u0644\u0645\u062a\u0637\u0644\u0628\u0627\u062a \u0627\u0644\u0642\u0627\u0646\u0648\u0646\u064a\u0629.  <\/span><\/p>\n\t\t\t\t\t\t\t\t<\/div>\n\t\t\t\t<\/div>\n\t\t\t\t<div class=\"elementor-element elementor-element-6de7a6d elementor-hidden-widescreen elementor-hidden-desktop elementor-hidden-laptop elementor-hidden-tablet_extra elementor-hidden-tablet elementor-hidden-mobile_extra elementor-hidden-mobile elementor-widget elementor-widget-global elementor-global-6189 elementor-widget-ecofinecore_button\" data-id=\"6de7a6d\" data-element_type=\"widget\" data-widget_type=\"ecofinecore_button.default\">\n\t\t\t\t<div class=\"elementor-widget-container\">\n\t\t\t\t\t        <div class=\"theme-button button\">\n            <a href=\"#formularz\" target=\"_blank\" rel=\"nofollow\" class=\"theme-btns\"><span>Um\u00f3w si\u0119 na bezp\u0142atn\u0105 konsultacj\u0119<i class=\"fas fa-angle-double-right\"><\/i> <\/span><\/a>\n        <\/div>\n        \t\t\t\t<\/div>\n\t\t\t\t<\/div>\n\t\t\t\t\t<\/div>\n\t\t<\/div>\n\t\t\t\t<div class=\"elementor-column elementor-col-50 elementor-top-column elementor-element elementor-element-9743d6e\" data-id=\"9743d6e\" data-element_type=\"column\" data-settings=\"{&quot;background_background&quot;:&quot;classic&quot;}\">\n\t\t\t<div class=\"elementor-widget-wrap elementor-element-populated\">\n\t\t\t\t\t\t<div class=\"elementor-element elementor-element-cc28226 content elementor-hidden-tablet elementor-hidden-mobile elementor-widget__width-initial elementor-toc--minimized-on-tablet elementor-widget elementor-widget-global elementor-global-6093 elementor-widget-table-of-contents\" data-id=\"cc28226\" data-element_type=\"widget\" data-settings=\"{&quot;headings_by_tags&quot;:[&quot;h2&quot;],&quot;exclude_headings_by_selector&quot;:&quot;h2.about-title, h2.faq1, h2.accordion-header&quot;,&quot;no_headings_message&quot;:&quot;No headings were found on this page.&quot;,&quot;marker_view&quot;:&quot;numbers&quot;,&quot;minimize_box&quot;:&quot;yes&quot;,&quot;minimized_on&quot;:&quot;tablet&quot;,&quot;hierarchical_view&quot;:&quot;yes&quot;,&quot;min_height&quot;:{&quot;unit&quot;:&quot;px&quot;,&quot;size&quot;:&quot;&quot;,&quot;sizes&quot;:[]},&quot;min_height_widescreen&quot;:{&quot;unit&quot;:&quot;px&quot;,&quot;size&quot;:&quot;&quot;,&quot;sizes&quot;:[]},&quot;min_height_laptop&quot;:{&quot;unit&quot;:&quot;px&quot;,&quot;size&quot;:&quot;&quot;,&quot;sizes&quot;:[]},&quot;min_height_tablet_extra&quot;:{&quot;unit&quot;:&quot;px&quot;,&quot;size&quot;:&quot;&quot;,&quot;sizes&quot;:[]},&quot;min_height_tablet&quot;:{&quot;unit&quot;:&quot;px&quot;,&quot;size&quot;:&quot;&quot;,&quot;sizes&quot;:[]},&quot;min_height_mobile_extra&quot;:{&quot;unit&quot;:&quot;px&quot;,&quot;size&quot;:&quot;&quot;,&quot;sizes&quot;:[]},&quot;min_height_mobile&quot;:{&quot;unit&quot;:&quot;px&quot;,&quot;size&quot;:&quot;&quot;,&quot;sizes&quot;:[]}}\" data-widget_type=\"table-of-contents.default\">\n\t\t\t\t<div class=\"elementor-widget-container\">\n\t\t\t\t\t\t\t\t\t<div class=\"elementor-toc__header\">\n\t\t\t\t\t\t\t\t\t\t<div class=\"elementor-toc__toggle-button elementor-toc__toggle-button--expand\" role=\"button\" tabindex=\"0\" aria-controls=\"elementor-toc__cc28226\" aria-expanded=\"true\" aria-label=\"Open table of contents\"><i aria-hidden=\"true\" class=\"fas fa-chevron-down\"><\/i><\/div>\n\t\t\t\t<div class=\"elementor-toc__toggle-button elementor-toc__toggle-button--collapse\" role=\"button\" tabindex=\"0\" aria-controls=\"elementor-toc__cc28226\" aria-expanded=\"true\" aria-label=\"Close table of contents\"><i aria-hidden=\"true\" class=\"fas fa-chevron-up\"><\/i><\/div>\n\t\t\t\t\t<\/div>\n\t\t\t\t<div id=\"elementor-toc__cc28226\" class=\"elementor-toc__body\">\n\t\t\t<div class=\"elementor-toc__spinner-container\">\n\t\t\t\t<i class=\"elementor-toc__spinner eicon-animation-spin eicon-loading\" aria-hidden=\"true\"><\/i>\t\t\t<\/div>\n\t\t<\/div>\n\t\t\t\t\t\t<\/div>\n\t\t\t\t<\/div>\n\t\t\t\t<div class=\"elementor-element elementor-element-aecdebe elementor-widget-tablet_extra__width-initial elementor-widget elementor-widget-global elementor-global-6090 elementor-widget-eco_call_addons\" data-id=\"aecdebe\" data-element_type=\"widget\" data-settings=\"{&quot;sticky_offset&quot;:20,&quot;sticky&quot;:&quot;top&quot;,&quot;sticky_parent&quot;:&quot;yes&quot;,&quot;sticky_on&quot;:[&quot;widescreen&quot;,&quot;desktop&quot;,&quot;laptop&quot;,&quot;tablet_extra&quot;,&quot;tablet&quot;,&quot;mobile_extra&quot;,&quot;mobile&quot;],&quot;sticky_effects_offset&quot;:0,&quot;sticky_anchor_link_offset&quot;:0}\" data-widget_type=\"eco_call_addons.default\">\n\t\t\t\t<div class=\"elementor-widget-container\">\n\t\t\t\t\t        <div class=\"eco-call-addons-wrapper\">\n            <div class=\"eco-call-info-item\"  style=\"background-image:url( https:\/\/r2eko.com\/wp-content\/uploads\/2025\/12\/sd-bg.jpg ) \">\n                                    <div class=\"eco-call-icon\">\n                        <i aria-hidden=\"true\" class=\"bi bi-telephone-fill\"><\/i>                    <\/div>\n                                <div class=\"eco-contact-content\">\n                                                                <div class=\"eco-call-dec\"><a href=\"tel:+48 533\u00a0561\u00a0303\"><span style=\"color: #ffffff;font-size: 20px\"><b>+48\u00a0533\u00a0561\u00a0303<\/b><\/span><\/a><\/div>\n                                    <\/div>\n            <\/div>\n        <\/div>\n        \t\t\t\t<\/div>\n\t\t\t\t<\/div>\n\t\t\t\t\t<\/div>\n\t\t<\/div>\n\t\t\t\t\t<\/div>\n\t\t<\/section>\n\t\t\t\t<\/div>\n\t\t","protected":false},"excerpt":{"rendered":"<p>On this page you will learn: \u0647\u0644 \u062a\u0644\u0628\u064a \u0634\u0631\u0643\u062a\u0643\u0645 \u0627\u0644\u062e\u0627\u0635\u0629 \u0628\u062a\u0648\u0632\u064a\u0639 \u0627\u0644\u0645\u064a\u0627\u0647 \u0648\u0627\u0644\u0635\u0631\u0641 \u0627\u0644\u0635\u062d\u064a \u0627\u0644\u0645\u062a\u0637\u0644\u0628\u0627\u062a \u0627\u0644\u0645\u062a\u0639\u0644\u0642\u0629 \u0628\u062a\u062d\u0641\u064a\u0632 \u0645\u0633\u062a\u0647\u0644\u0643\u064a \u0627\u0644\u062e\u062f\u0645\u0627\u062a \u0639\u0644\u0649 \u062a\u0648\u0641\u064a\u0631 \u0627\u0644\u0645\u064a\u0627\u0647 \u0648\u062a\u0642\u0644\u064a\u0644 \u062a\u0644\u0648\u062b \u0645\u064a\u0627\u0647 \u0627\u0644\u0635\u0631\u0641 \u0627\u0644\u0635\u062d\u064a\u061f \u0625\u0630\u0627 \u0643\u0627\u0646\u062a \u0644\u062f\u064a\u0643\u0645 \u0634\u0643\u0648\u0643\u060c \u064a\u0645\u0643\u0646 \u0644\u062e\u0628\u0631\u0627\u0621 r\u00b2eko \u0645\u0633\u0627\u0639\u062f\u062a\u0643\u0645 \u0641\u064a \u062a\u0637\u0648\u064a\u0631 \u062d\u0644\u0648\u0644 \u0641\u0639\u0627\u0644\u0629 \u062a\u062a\u0646\u0627\u0633\u0628 \u0645\u0639 \u0627\u0644\u0645\u062a\u0637\u0644\u0628\u0627\u062a \u0627\u0644\u0642\u0627\u0646\u0648\u0646\u064a\u0629 \u0648\u062e\u0635\u0648\u0635\u064a\u0629 \u0646\u0634\u0627\u0637 \u0634\u0631\u0643\u062a\u0643\u0645. \u0644\u0645\u0627\u0630\u0627 \u0647\u0630\u0627 \u0645\u0647\u0645\u061f \u0648\u0641\u0642\u064b\u0627 \u0644\u0644\u0628\u0646\u062f 3 \u0627\u0644\u0641\u0642\u0631\u0629 1 \u0645\u0646 [&hellip;]<\/p>\n","protected":false},"author":4,"featured_media":0,"parent":0,"menu_order":0,"comment_status":"closed","ping_status":"closed","template":"","meta":{"om_disable_all_campaigns":false,"inline_featured_image":false,"_monsterinsights_skip_tracking":false,"_monsterinsights_sitenote_active":false,"_monsterinsights_sitenote_note":"","_monsterinsights_sitenote_category":0,"footnotes":""},"class_list":["post-12310","page","type-page","status-publish","hentry"],"aioseo_notices":[],"_links":{"self":[{"href":"https:\/\/r2eko.com\/ar\/wp-json\/wp\/v2\/pages\/12310","targetHints":{"allow":["GET"]}}],"collection":[{"href":"https:\/\/r2eko.com\/ar\/wp-json\/wp\/v2\/pages"}],"about":[{"href":"https:\/\/r2eko.com\/ar\/wp-json\/wp\/v2\/types\/page"}],"author":[{"embeddable":true,"href":"https:\/\/r2eko.com\/ar\/wp-json\/wp\/v2\/users\/4"}],"replies":[{"embeddable":true,"href":"https:\/\/r2eko.com\/ar\/wp-json\/wp\/v2\/comments?post=12310"}],"version-history":[{"count":1,"href":"https:\/\/r2eko.com\/ar\/wp-json\/wp\/v2\/pages\/12310\/revisions"}],"predecessor-version":[{"id":12311,"href":"https:\/\/r2eko.com\/ar\/wp-json\/wp\/v2\/pages\/12310\/revisions\/12311"}],"wp:attachment":[{"href":"https:\/\/r2eko.com\/ar\/wp-json\/wp\/v2\/media?parent=12310"}],"curies":[{"name":"wp","href":"https:\/\/api.w.org\/{rel}","templated":true}]}}